{"id":2,"date":"2017-09-13T03:31:07","date_gmt":"2017-09-13T02:31:07","guid":{"rendered":"https:\/\/laganggps.ca\/becancour\/?page_id=2"},"modified":"2017-10-13T04:01:43","modified_gmt":"2017-10-13T03:01:43","slug":"gps-cest-qui","status":"publish","type":"page","link":"https:\/\/laganggps.ca\/becancour\/index.php\/gps-cest-qui\/","title":{"rendered":"GPS, c&rsquo;est qui?"},"content":{"rendered":"<p>[et_pb_section bb_built= &raquo;1&Prime; _builder_version= &raquo;3.0.47&Prime; custom_padding= &raquo;47.910003662109375px|0px|46.25px|0px &raquo;][et_pb_row _builder_version= &raquo;3.0.47&Prime; background_size= &raquo;initial &raquo; background_position= &raquo;top_left &raquo; background_repeat= &raquo;repeat &raquo;][et_pb_column type= &raquo;4_4&Prime;][et_pb_text admin_label= &raquo;GPS, c&rsquo;est qui? &raquo; _builder_version= &raquo;3.0.77&Prime; background_layout= &raquo;light &raquo; border_style= &raquo;solid &raquo; module_alignment= &raquo;left &raquo;]<\/p>\n<h2><span style=\"color: #d72229;\">La Gang GPS B\u00e9cancour, c\u2019est qui?<\/span><\/h2>\n<p style=\"text-align: justify;\">GPS, \u00e7a veut dire Gang de P\u00e8lerins Solidaires. C\u2019est un groupe de jeunes comme toi\u00a0qui aiment bouger, chercher, s\u2019engager pour un monde meilleur et marcher avec d\u2019autres \u00e0 la suite de J\u00e9sus. Vous faites route avec des guides form\u00e9s et qualifi\u00e9s en animation pastorale faisant partie des paroisses catholiques de B\u00e9cancour\u00a0(Bienheureux-Louis-Z\u00e9phirin-Moreau, Notre-Dame-de-l&rsquo;Esp\u00e9rance et Saint-Jean-Paul-II).<\/p>\n<p style=\"text-align: justify;\">En faisant route avec la Gang GPS, tu te d\u00e9couvriras toi-m\u00eame de plus en plus, et tu pourras d\u00e9velopper une relation de confiance avec Dieu et avec les autres. Dans le plaisir et l\u2019amiti\u00e9, tu exp\u00e9rimenteras un \u00ab\u00a0art de vivre\u00a0\u00bb et diverses mani\u00e8res de rendre le monde plus beau.<\/p>\n<p style=\"text-align: justify;\">Tes parents s\u2019engagent aussi \u00e0 t\u2019accompagner lors de certaines activit\u00e9s dans ton cheminement de foi. Il y aura m\u00eame des rencontres sp\u00e9ciales pour eux!<\/p>\n<p style=\"text-align: justify;\"><img decoding=\"async\" loading=\"lazy\" class=\"size-large wp-image-99 aligncenter\" src=\"http:\/\/laganggps.ca\/becancour\/wp-content\/uploads\/2017\/09\/camp-1024x682-1024x682.jpg\" alt=\"\" width=\"1024\" height=\"682\" srcset=\"https:\/\/laganggps.ca\/becancour\/wp-content\/uploads\/2017\/09\/camp-1024x682.jpg 1024w, https:\/\/laganggps.ca\/becancour\/wp-content\/uploads\/2017\/09\/camp-1024x682-300x200.jpg 300w, https:\/\/laganggps.ca\/becancour\/wp-content\/uploads\/2017\/09\/camp-1024x682-768x512.jpg 768w\" sizes=\"(max-width: 1024px) 100vw, 1024px\" \/><\/p>\n<p>[\/et_pb_text][\/et_pb_column][\/et_pb_row][\/et_pb_section]<\/p>\n","protected":false},"excerpt":{"rendered":"<p>La Gang GPS B\u00e9cancour, c\u2019est qui? GPS, \u00e7a veut dire Gang de P\u00e8lerins Solidaires. C\u2019est un groupe de jeunes comme toi\u00a0qui aiment bouger, chercher, s\u2019engager pour un monde meilleur et marcher avec d\u2019autres \u00e0 la suite de J\u00e9sus. Vous faites route avec des guides form\u00e9s et qualifi\u00e9s en animation pastorale faisant partie des paroisses catholiques [&hellip;]<\/p>\n","protected":false},"author":1,"featured_media":0,"parent":0,"menu_order":0,"comment_status":"closed","ping_status":"open","template":"","meta":{"_et_pb_use_builder":"on","_et_pb_old_content":"<p>Voici un exemple de page. Elle est diff\u00e9rente d'un article de blogue, en cela qu'elle restera \u00e0 la m\u00eame place, et s'affichera dans le menu de navigation de votre site (en fonction de votre th\u00e8me). La plupart des gens commencent par \u00e9crire une page \u00ab \u00c0 Propos \u00bb qui les pr\u00e9sente aux visiteurs potentiels du site. Vous pourriez y \u00e9crire quelque chose de ce tenant :<\/p><blockquote><p>Bonjour ! Je suis une m\u00e9canicienne qui aspire \u00e0 devenir une actrice, et voici mon blog. J'habite \u00e0 Bordeaux, j'ai un super chien baptis\u00e9 Russell, et j'aime la vodka-ananas (ainsi que regarder la pluie tomber).<\/p><\/blockquote><p>...ou bien quelque chose comme \u00e7a :<\/p><blockquote><p>La soci\u00e9t\u00e9 123 Machin Truc a \u00e9t\u00e9 cr\u00e9\u00e9e en 1971, et n'a cess\u00e9 de proposer au public des machins-trucs de qualit\u00e9 depuis lors. Situ\u00e9e \u00e0 Saint-Remy-en-Bouzemont-Saint-Genest-et-Isson, 123 Machin Truc emploie 2 000 personnes, et fabrique toutes sortes de bidules super pour la communaut\u00e9 bouzemontoise.<\/p><\/blockquote><p>\u00c9tant donn\u00e9 que vous \u00eates un nouvel utilisateur de WordPress, vous devriez vous rendre sur votre <a href=\"http:\/\/laganggps.ca\/becancour\/wp-admin\/\">tableau de bord<\/a> pour effacer la pr\u00e9sente page, et cr\u00e9er de nouvelles pages avec votre propre contenu. Amusez-vous bien !<\/p>","_et_gb_content_width":""},"_links":{"self":[{"href":"https:\/\/laganggps.ca\/becancour\/index.php\/wp-json\/wp\/v2\/pages\/2"}],"collection":[{"href":"https:\/\/laganggps.ca\/becancour\/index.php\/wp-json\/wp\/v2\/pages"}],"about":[{"href":"https:\/\/laganggps.ca\/becancour\/index.php\/wp-json\/wp\/v2\/types\/page"}],"author":[{"embeddable":true,"href":"https:\/\/laganggps.ca\/becancour\/index.php\/wp-json\/wp\/v2\/users\/1"}],"replies":[{"embeddable":true,"href":"https:\/\/laganggps.ca\/becancour\/index.php\/wp-json\/wp\/v2\/comments?post=2"}],"version-history":[{"count":6,"href":"https:\/\/laganggps.ca\/becancour\/index.php\/wp-json\/wp\/v2\/pages\/2\/revisions"}],"predecessor-version":[{"id":219,"href":"https:\/\/laganggps.ca\/becancour\/index.php\/wp-json\/wp\/v2\/pages\/2\/revisions\/219"}],"wp:attachment":[{"href":"https:\/\/laganggps.ca\/becancour\/index.php\/wp-json\/wp\/v2\/media?parent=2"}],"curies":[{"name":"wp","href":"https:\/\/api.w.org\/{rel}","templated":true}]}}