{"id":109,"date":"2017-09-13T05:11:17","date_gmt":"2017-09-13T04:11:17","guid":{"rendered":"http:\/\/laganggps.ca\/becancour\/?page_id=109"},"modified":"2017-10-13T04:02:31","modified_gmt":"2017-10-13T03:02:31","slug":"un-cheminement-de-vie-chretienne","status":"publish","type":"page","link":"https:\/\/laganggps.ca\/becancour\/index.php\/un-cheminement-de-vie-chretienne\/","title":{"rendered":"Un cheminement de vie chr\u00e9tienne"},"content":{"rendered":"<p>[et_pb_section bb_built= &raquo;1&Prime;][et_pb_row][et_pb_column type= &raquo;4_4&Prime;][et_pb_text admin_label= &raquo;Un cheminement &raquo; _builder_version= &raquo;3.0.77&Prime; background_layout= &raquo;light &raquo; border_style= &raquo;solid &raquo; module_alignment= &raquo;left &raquo;]<\/p>\n<div class=\" et_pb_row et_pb_row_0\">\n<div class=\"et_pb_column et_pb_column_4_4 et_pb_column_0\">\n<div class=\"et_pb_text et_pb_module et_pb_bg_layout_light et_pb_text_align_left et_pb_text_0\">\n<h2>Un cheminement de formation \u00e0 la vie chr\u00e9tienne<\/h2>\n<blockquote><p><strong><img decoding=\"async\" loading=\"lazy\" class=\" wp-image-110 alignright\" src=\"http:\/\/laganggps.ca\/becancour\/wp-content\/uploads\/2017\/09\/DSC00048-1024x577-1024x577.jpg\" alt=\"\" width=\"470\" height=\"265\" srcset=\"https:\/\/laganggps.ca\/becancour\/wp-content\/uploads\/2017\/09\/DSC00048-1024x577.jpg 1024w, https:\/\/laganggps.ca\/becancour\/wp-content\/uploads\/2017\/09\/DSC00048-1024x577-300x169.jpg 300w, https:\/\/laganggps.ca\/becancour\/wp-content\/uploads\/2017\/09\/DSC00048-1024x577-768x433.jpg 768w\" sizes=\"(max-width: 470px) 100vw, 470px\" \/>\u00ab\u00a0Je suis venu pour qu\u2019on ait la vie, qu\u2019on l\u2019ait en abondance\u00a0\u00bb<\/strong> (Jean\u00a010,10)<\/p><\/blockquote>\n<p>Cette parole de J\u00e9sus a marqu\u00e9 et marque encore notre monde. Depuis 2000\u00a0ans, la communaut\u00e9 des personnes qui croient en lui et marchent \u00e0 sa suite, l\u2019\u00c9glise, porte ce <strong>tr\u00e9sor de vie<\/strong> qu\u2019est la foi chr\u00e9tienne.<\/p>\n<p>La Gang GPS\u00a0B\u00e9cancour te propose de d\u00e9couvrir ce tr\u00e9sor de \u00ab\u00a0vie en abondance\u00a0\u00bb promis par J\u00e9sus (<em>Jean<\/em>, 10, 10) \u00e0 travers\u00a0des cat\u00e9ch\u00e8ses, des activit\u00e9s et des sacrements. C\u2019est un chemin pour s\u2019initier et exp\u00e9rimenter avec d\u2019autres ce qu\u2019est la vie chr\u00e9tienne, \u00e0 travers <u>3 types d\u2019activit\u00e9s<\/u> :<\/p>\n<ul>\n<li><strong>Cat\u00e9ch\u00e8ses de cheminement<\/strong> (6 cat\u00e9ch\u00e8ses par ann\u00e9e)<\/li>\n<li><strong>Sentiers d\u2019exploration<\/strong> : activit\u00e9s vari\u00e9es autour de la pri\u00e8re, de la fraternit\u00e9, de la c\u00e9l\u00e9bration ou de l\u2019engagement (choix de 2\u00a0activit\u00e9s ou plus par parcours)<\/li>\n<li><strong>Voies d\u2019acc\u00e8s aux sacrements<\/strong>\u00a0: Bapt\u00eame, Pardon-R\u00e9conciliation, Eucharistie (communion), profession de foi\u00a0et Confirmation.<\/li>\n<\/ul>\n<p><em>Exception\u00a0: Pour un enfant de <u>8 ans ou plus qui n\u2019est pas baptis\u00e9<\/u>, il sera possible de c\u00e9l\u00e9brer son bapt\u00eame dans la voie d&rsquo;acc\u00e8s \u00e0 pied.<\/em><\/p>\n<\/div>\n<\/div>\n<\/div>\n<p>[\/et_pb_text][\/et_pb_column][\/et_pb_row][\/et_pb_section]<\/p>\n","protected":false},"excerpt":{"rendered":"<p><div class=\"et_pb_row et_pb_row_0 et_pb_row_empty\">\n\t\t\t\t\n\t\t\t\t\n\t\t\t\t\n\t\t\t\t\n\t\t\t\t\n\t\t\t<\/div> Un cheminement de formation \u00e0 la vie chr\u00e9tienne \u00ab\u00a0Je suis venu pour qu\u2019on ait la vie, qu\u2019on l\u2019ait en abondance\u00a0\u00bb (Jean\u00a010,10) Cette parole de J\u00e9sus a marqu\u00e9 et marque encore notre monde. Depuis 2000\u00a0ans, la communaut\u00e9 des personnes qui croient en lui et marchent \u00e0 sa suite, l\u2019\u00c9glise, porte ce tr\u00e9sor de vie qu\u2019est [&hellip;]<\/p>\n","protected":false},"author":1,"featured_media":0,"parent":0,"menu_order":0,"comment_status":"closed","ping_status":"closed","template":"","meta":{"_et_pb_use_builder":"on","_et_pb_old_content":"","_et_gb_content_width":""},"_links":{"self":[{"href":"https:\/\/laganggps.ca\/becancour\/index.php\/wp-json\/wp\/v2\/pages\/109"}],"collection":[{"href":"https:\/\/laganggps.ca\/becancour\/index.php\/wp-json\/wp\/v2\/pages"}],"about":[{"href":"https:\/\/laganggps.ca\/becancour\/index.php\/wp-json\/wp\/v2\/types\/page"}],"author":[{"embeddable":true,"href":"https:\/\/laganggps.ca\/becancour\/index.php\/wp-json\/wp\/v2\/users\/1"}],"replies":[{"embeddable":true,"href":"https:\/\/laganggps.ca\/becancour\/index.php\/wp-json\/wp\/v2\/comments?post=109"}],"version-history":[{"count":5,"href":"https:\/\/laganggps.ca\/becancour\/index.php\/wp-json\/wp\/v2\/pages\/109\/revisions"}],"predecessor-version":[{"id":220,"href":"https:\/\/laganggps.ca\/becancour\/index.php\/wp-json\/wp\/v2\/pages\/109\/revisions\/220"}],"wp:attachment":[{"href":"https:\/\/laganggps.ca\/becancour\/index.php\/wp-json\/wp\/v2\/media?parent=109"}],"curies":[{"name":"wp","href":"https:\/\/api.w.org\/{rel}","templated":true}]}}