{"id":137,"date":"2017-09-13T12:47:52","date_gmt":"2017-09-13T11:47:52","guid":{"rendered":"http:\/\/laganggps.ca\/becancour\/?page_id=137"},"modified":"2017-10-13T04:05:23","modified_gmt":"2017-10-13T03:05:23","slug":"gps-un-parcours-aux-multiples-possibilites","status":"publish","type":"page","link":"https:\/\/laganggps.ca\/becancour\/index.php\/gps-un-parcours-aux-multiples-possibilites\/","title":{"rendered":"GPS, un parcours aux multiples possibilit\u00e9s"},"content":{"rendered":"<p>[et_pb_section bb_built= &raquo;1&Prime; _builder_version= &raquo;3.0.47&Prime;][et_pb_row _builder_version= &raquo;3.0.47&Prime; background_size= &raquo;initial &raquo; background_position= &raquo;top_left &raquo; background_repeat= &raquo;repeat &raquo; custom_padding= &raquo;23.12px|0px|0px|0px &raquo;][et_pb_column type= &raquo;4_4&Prime;][et_pb_text admin_label= &raquo;Multiples possibilit\u00e9s &raquo; _builder_version= &raquo;3.0.77&Prime; background_layout= &raquo;light &raquo; border_style= &raquo;solid &raquo;]<\/p>\n<h2 style=\"text-align: left;\">GPS, un parcours aux multiples possibilit\u00e9s<\/h2>\n<p>&nbsp;<\/p>\n<h3>Un parcours o\u00f9 tu peux choisir!<\/h3>\n<p style=\"text-align: justify;\"><img decoding=\"async\" loading=\"lazy\" class=\" wp-image-76 alignright\" src=\"http:\/\/laganggps.ca\/becancour\/wp-content\/uploads\/2017\/09\/gps.png\" alt=\"Logo GPS\" width=\"324\" height=\"189\" srcset=\"https:\/\/laganggps.ca\/becancour\/wp-content\/uploads\/2017\/09\/gps.png 427w, https:\/\/laganggps.ca\/becancour\/wp-content\/uploads\/2017\/09\/gps-300x175.png 300w\" sizes=\"(max-width: 324px) 100vw, 324px\" \/>Pour cheminer dans les activit\u00e9s de la Gang GPS B\u00e9cancour, tu\u00a0peux\u00a0faire TES CHOIX, selon tes int\u00e9r\u00eats, ton rythme et le temps que tu as \u00e0 y consacrer. Bien s\u00fbr il y aura des activit\u00e9s incontournables, mais tu pourras en tout temps consulter le site Web, voir les choix d\u2019activit\u00e9s, t\u2019y inscrire, consulter ton profil, faire des changements, etc.<\/p>\n<h3>Un parcours avec des haltes!<\/h3>\n<p style=\"text-align: justify;\">D\u00e8s ton inscription \u00e0 la Gang GPS et tout au long de ton cheminement, tu seras invit\u00e9 avec tes parents \u00e0 faire des <strong>\u00ab\u00a0haltes-rencontre\u00a0\u00bb<\/strong> avec une personne accompagnatrice. C\u2019est une sorte de \u00ab\u00a0recalcul GPS\u00a0\u00bb\u00a0qui t\u2019aidera \u00e0 t\u2019orienter pour la suite, afin de profiter au maximum de ton exp\u00e9rience!<\/p>\n<h3>Un parcours qui se continue apr\u00e8s l\u2019initiation!<\/h3>\n<p>Une fois ton initiation termin\u00e9e, c\u2019est-\u00e0-dire avoir v\u00e9cu les sacrements une premi\u00e8re fois, si tu le souhaites tu pourras continuer de faire partie de la Gang GPS\u00a0:<\/p>\n<ul>\n<li>en vivant d\u2019autres activit\u00e9s,<\/li>\n<li>en revivant certains sacrements<\/li>\n<li>et m\u00eame en t\u2019impliquant dans GPS pour aider ou co-animer une activit\u00e9, selon tes talents et tes int\u00e9r\u00eats!<\/li>\n<\/ul>\n<p>En plus, ta paroisse offre des activit\u00e9s pour ados avec la mission jeunesse! Pour les d\u00e9couvrir, consulte l\u2019onglet \u00ab\u00a0Activit\u00e9s\u00a0\u00bb, section <a href=\"https:\/\/diocesenicolet.sogetel.net\/gps_becancour\/activites_mission_jeunesse.php\">\u00ab\u00a010-17 ans\u00a0\u00bb<\/a>.<\/p>\n<p><em>Au parent qui veut plus d\u2019information, voir <a href=\"http:\/\/laganggps.ca\/becancour\/index.php\/info-parents\/\">l\u2019onglet \u00ab\u00a0Info-parents\u00a0\u00bb<\/a><\/em><em>.<\/em><\/p>\n<p><img decoding=\"async\" loading=\"lazy\" class=\"size-full wp-image-134 aligncenter\" src=\"http:\/\/laganggps.ca\/becancour\/wp-content\/uploads\/2017\/09\/IMG_8308.jpg\" alt=\"\" width=\"1000\" height=\"667\" srcset=\"https:\/\/laganggps.ca\/becancour\/wp-content\/uploads\/2017\/09\/IMG_8308.jpg 1000w, https:\/\/laganggps.ca\/becancour\/wp-content\/uploads\/2017\/09\/IMG_8308-300x200.jpg 300w, https:\/\/laganggps.ca\/becancour\/wp-content\/uploads\/2017\/09\/IMG_8308-768x512.jpg 768w\" sizes=\"(max-width: 1000px) 100vw, 1000px\" \/><\/p>\n<p>[\/et_pb_text][\/et_pb_column][\/et_pb_row][\/et_pb_section]<\/p>\n","protected":false},"excerpt":{"rendered":"<p>GPS, un parcours aux multiples possibilit\u00e9s &nbsp; Un parcours o\u00f9 tu peux choisir! Pour cheminer dans les activit\u00e9s de la Gang GPS B\u00e9cancour, tu\u00a0peux\u00a0faire TES CHOIX, selon tes int\u00e9r\u00eats, ton rythme et le temps que tu as \u00e0 y consacrer. Bien s\u00fbr il y aura des activit\u00e9s incontournables, mais tu pourras en tout temps consulter [&hellip;]<\/p>\n","protected":false},"author":1,"featured_media":0,"parent":0,"menu_order":0,"comment_status":"closed","ping_status":"closed","template":"","meta":{"_et_pb_use_builder":"on","_et_pb_old_content":"","_et_gb_content_width":""},"_links":{"self":[{"href":"https:\/\/laganggps.ca\/becancour\/index.php\/wp-json\/wp\/v2\/pages\/137"}],"collection":[{"href":"https:\/\/laganggps.ca\/becancour\/index.php\/wp-json\/wp\/v2\/pages"}],"about":[{"href":"https:\/\/laganggps.ca\/becancour\/index.php\/wp-json\/wp\/v2\/types\/page"}],"author":[{"embeddable":true,"href":"https:\/\/laganggps.ca\/becancour\/index.php\/wp-json\/wp\/v2\/users\/1"}],"replies":[{"embeddable":true,"href":"https:\/\/laganggps.ca\/becancour\/index.php\/wp-json\/wp\/v2\/comments?post=137"}],"version-history":[{"count":5,"href":"https:\/\/laganggps.ca\/becancour\/index.php\/wp-json\/wp\/v2\/pages\/137\/revisions"}],"predecessor-version":[{"id":221,"href":"https:\/\/laganggps.ca\/becancour\/index.php\/wp-json\/wp\/v2\/pages\/137\/revisions\/221"}],"wp:attachment":[{"href":"https:\/\/laganggps.ca\/becancour\/index.php\/wp-json\/wp\/v2\/media?parent=137"}],"curies":[{"name":"wp","href":"https:\/\/api.w.org\/{rel}","templated":true}]}}