{"id":144,"date":"2017-09-13T13:01:07","date_gmt":"2017-09-13T12:01:07","guid":{"rendered":"http:\/\/laganggps.ca\/becancour\/?page_id=144"},"modified":"2018-08-24T19:35:24","modified_gmt":"2018-08-24T18:35:24","slug":"info-parents","status":"publish","type":"page","link":"https:\/\/laganggps.ca\/becancour\/index.php\/info-parents\/","title":{"rendered":"Info-parents"},"content":{"rendered":"<p>[et_pb_section bb_built= &raquo;1&Prime; _builder_version= &raquo;3.0.47&Prime;][et_pb_row _builder_version= &raquo;3.0.47&Prime; background_size= &raquo;initial &raquo; background_position= &raquo;top_left &raquo; background_repeat= &raquo;repeat &raquo;][et_pb_column type= &raquo;4_4&Prime;][et_pb_text admin_label= &raquo;Info-parents &raquo; _builder_version= &raquo;3.12.2&Prime;]<\/p>\n<h2>Info-parents<\/h2>\n<p>&nbsp;<\/p>\n<h3><strong>Une responsabilit\u00e9 partag\u00e9e avec vous<\/strong><\/h3>\n<p style=\"text-align: justify;\">Comme parents, vous \u00eates\u00a0les premiers \u00e9ducateurs de votre enfant. L\u2019\u00e9ducation spirituelle chr\u00e9tienne de votre enfant fait partie de vos d\u00e9fis. Les responsables de votre paroisse d\u00e9sirent vous soutenir dans cette aventure pas toujours \u00e9vidente. C\u2019est pourquoi nous vous invitons \u00e0 collaborer avec nous dans ce cheminement de foi avec votre enfant.<\/p>\n<p style=\"text-align: justify;\">La <strong>Gang GPS\u00a0B\u00e9cancour<\/strong> inclut un <em>chemin d\u2019initiation \u00e0 la vie chr\u00e9tienne<\/em> pour les 8-14 ans. L\u2019exp\u00e9rience tend \u00e0 d\u00e9montrer qu\u2019une r\u00e9partition des cat\u00e9ch\u00e8ses \u00e0 la fois plus souple et plus longue dans le temps, aide les familles \u00e0 mieux int\u00e9grer la vie chr\u00e9tienne dans leur quotidien. Plusieurs parents disent appr\u00e9cier la possibilit\u00e9 de choisir des dates et des activit\u00e9s en fonction des horaires et des int\u00e9r\u00eats de leur jeune, ce qui leur semble plus ajust\u00e9 \u00e0 la culture actuelle et au rythme de vie des jeunes familles.<\/p>\n<p style=\"text-align: justify;\">Pour encourager votre enfant, nous vous invitons \u00e0 partager avec lui ou elle apr\u00e8s une activit\u00e9 v\u00e9cue, \u00e0 l\u2019informer ou \u00e0 r\u00e9pondre \u00e0 certaines de ses questions, \u00e0 participer \u00e0 des rencontres avec lui ou elle. Nous comptons sur votre collaboration lors de certaines activit\u00e9s, parfois pour du support technique, de l\u2019accompagnement lors de certaines sorties de groupe ou pour de l\u2019aide \u00e0 l\u2019animation. Afin d\u2019am\u00e9liorer les activit\u00e9s GPS et m\u00eame \u00e0 en cr\u00e9er de nouvelles, vos commentaires et suggestions sont pr\u00e9cieux pour nous.<\/p>\n<p style=\"text-align: justify;\">L\u2019inscription de votre enfant avec GPS est possible en ligne par notre site Web sous l\u2019onglet <a href=\"http:\/\/laganggps.ca\/becancour\/index.php\/inscription\/\"><strong>Premi\u00e8re Inscription<\/strong><\/a>. En cliquant sur \u00ab\u00a0<a href=\"https:\/\/diocesenicolet.sogetel.net\/gps_becancour\/espace_famille.php\">Espace famille<\/a>\u00a0\u00bb, vous cr\u00e9ez votre profil comme parent ou tuteur. Inscrire ensuite vos enfants un \u00e0 la fois en cr\u00e9ant leur profil. Une fois votre profil cr\u00e9\u00e9, vous pourrez y acc\u00e9der en tout temps sous l\u2019onglet \u00ab\u00a0G\u00e9rer mon profil\u00a0\u00bb (voir la proc\u00e9dure qui vous y est sugg\u00e9r\u00e9e, surtout si vous inscrivez plus qu\u2019un enfant). Par contre, si vous \u00eates dans l\u2019impossibilit\u00e9 de proc\u00e9der par Internet, on pourra s\u2019entendre pour fonctionner avec des documents imprim\u00e9s.<\/p>\n<h3><strong>La petite histoire de la <em>Gang GPS\u00a0B\u00e9cancour<\/em> <\/strong><\/h3>\n<p style=\"text-align: justify;\">Depuis longtemps, des responsables de cat\u00e9ch\u00e8se r\u00eavaient de vivre autrement la pr\u00e9paration aux sacrements avec les jeunes familles, dans une approche o\u00f9 le sacrement n\u2019est pas le but \u2013 et parfois le point final! \u2013 de la d\u00e9marche. En nous inspirant d\u2019autres projets qu\u00e9b\u00e9cois du m\u00eame genre, GPS a pris vie dans la r\u00e9gion de B\u00e9cancour \u00e0 l\u2019automne 2014 avec l\u2019appui de notre \u00e9v\u00eaque, Mgr Andr\u00e9 Gazaille, et des personnes responsables de la mission jeunesse et de la formation \u00e0 la vie chr\u00e9tienne de notre dioc\u00e8se. Un peu plus tard, cette approche se d\u00e9veloppera aussi \u00e0 Victoriaville, puis \u00e0 Drummondville \u00e0 l\u2019automne 2016.<\/p>\n<h3><strong>Br\u00e8ve description et sens du parcours GPS<\/strong><\/h3>\n<p style=\"text-align: justify;\">GPS est un projet o\u00f9 les familles cheminent pas \u00e0 pas en vivant des activit\u00e9s cat\u00e9ch\u00e9tiques diversifi\u00e9es. Elle permet la rencontre de t\u00e9moins au sein d\u2019une communaut\u00e9 chr\u00e9tienne de foi catholique. GPS propose une d\u00e9marche libre qui fait appel \u00e0 l\u2019engagement volontaire des jeunes et de ses parents ou tuteurs. Elle s\u2019\u00e9chelonne dans le temps et offre l\u2019opportunit\u00e9 de vivre les sacrements.<\/p>\n<p style=\"text-align: justify;\">Chaque activit\u00e9 GPS vise favoriser la rencontre de Dieu par la d\u00e9couverte progressive de la foi chr\u00e9tienne \u00e0 travers trois types d\u2019activit\u00e9s\u00a0:<\/p>\n<ol style=\"text-align: justify;\">\n<li>Des <strong>cat\u00e9ch\u00e8ses de cheminement <\/strong><\/li>\n<li>Des \u00ab\u00a0<strong>sentiers d\u2019exploration\u00a0\u00bb <\/strong>r\u00e9parties en 4 cat\u00e9gories d\u2019activit\u00e9s\u00a0: sentier de la <em>pri\u00e8re<\/em>, sentier de la <em>fraternit\u00e9<\/em>, sentier de la <em>c\u00e9l\u00e9bration<\/em>, sentier de l\u2019<em>engagement<\/em>.<\/li>\n<li>Des <strong>voies d\u2019acc\u00e8s aux sacrements<\/strong> du Bapt\u00eame (si un jeune n\u2019est pas d\u00e9j\u00e0 baptis\u00e9), du Pardon-R\u00e9conciliation, de l\u2019Eucharistie (communion) et de la Confirmation.<\/li>\n<\/ol>\n<p style=\"text-align: justify;\">Ces trois types d\u2019activit\u00e9s se retrouvent tout au long de l\u2019initiation du jeune \u00e0 la vie chr\u00e9tienne qui se vit en \u00e9tapes : les parcours <strong>Avec J\u00e9sus \u00e7a marche!<\/strong>, <strong>en V\u00e9lo<\/strong>, <strong>en Canot<\/strong>, <strong>en Autobus<\/strong> d\u2019une dur\u00e9e d\u2019environ une ann\u00e9e chacun. Dans le cas o\u00f9 un enfant ne peut vivre les activit\u00e9s essentielles aux moments propos\u00e9s, il pourra continuer le parcours entam\u00e9 sur une plus longue dur\u00e9e.<\/p>\n<h3><strong>Qu\u2019est-ce qu\u2019un \u00ab\u00a0sacrement\u00a0\u00bb\u00a0? <\/strong><\/h3>\n<p>(Inspir\u00e9 d\u2019un article du site <strong><a href=\"http:\/\/croire.la-croix.com\/\">croire.la-croix.com<\/a><\/strong>, 3 mai 2015)<\/p>\n<p style=\"text-align: justify;\">Un sacrement est un <strong>signe visible<\/strong> du DON de Dieu, un <strong>signe sensible<\/strong> de son AMOUR inconditionnel qui donne la vie.<\/p>\n<p style=\"text-align: justify;\">Les sept sacrements reconnus dans l\u2019\u00c9glise catholique actualisent pour les chr\u00e9tiens le DON DE L\u2019AMOUR DE DIEU qui les aide \u00e0 vivre, \u00e0 grandir, \u00e0 devenir eux-m\u00eames signes sensibles de l\u2019amour de Dieu dans le monde. En ce sens, on peut dire que l\u2019\u00c9glise est \u00ab\u00a0sacrement du Christ\u00a0\u00bb qui, lui-m\u00eame, est le grand Sacrement de l\u2019amour de Dieu manifest\u00e9 \u00e0 l\u2019humanit\u00e9.<\/p>\n<p style=\"text-align: justify;\">Du latin <em>sacramentum<\/em>, lui m\u00eame traduction du terme grec <em>must\u00e9rion,<\/em>\u00a0le mot sacrement signifie \u00e0 l\u2019origine <strong>\u00ab\u00a0myst\u00e8re\u00a0\u00bb<\/strong>.<\/p>\n<p style=\"text-align: justify;\">Par les sacrements, les croyants c\u00e9l\u00e8brent le <strong>myst\u00e8re du DON de l\u2019amour de Dieu<\/strong>, qui veut que nous ayons la vie, \u00ab\u00a0la vie en abondance\u00a0\u00bb comme l\u2019affirmait J\u00e9sus (\u00c9vangile selon saint Jean, chapitre10, verset 10).<\/p>\n<p style=\"text-align: justify;\">En s\u2019appuyant sur certains gestes du Christ, l\u2019\u00c9glise catholique reconnait sept sacrements\u00a0: le bapt\u00eame, l\u2019eucharistie, le pardon-r\u00e9conciliation, la confirmation, le mariage, l\u2019ordre et l\u2019onction des malades. En \u00e9tant offerts \u00e0 tous les moments importants de notre vie humaine, ils manifestent que c\u2019est toute l\u2019existence qui est appel\u00e9e \u00e0 \u00eatre v\u00e9cue avec le Christ J\u00e9sus. On regroupe\u00a0les sacrements en trois cat\u00e9gories\u00a0:<\/p>\n<ul>\n<li style=\"text-align: justify;\">Les\u00a0<strong>trois sacrements de l\u2019initiation chr\u00e9tienne<\/strong>\u00a0: le Bapt\u00eame, l\u2019Eucharistie et la Confirmation sont trois \u00e9tapes qui permettent d\u2019entrer dans le myst\u00e8re du Christ mort et ressuscit\u00e9 et de grandir dans la foi.<\/li>\n<li style=\"text-align: justify;\">Les\u00a0<strong>sacrements de gu\u00e9rison<\/strong>\u00a0: le Pardon-R\u00e9conciliation et l\u2019Onction des malades ouvrent un chemin d\u2019esp\u00e9rance.<\/li>\n<li style=\"text-align: justify;\">Les\u00a0<strong>sacrements de l\u2019engagement<\/strong>\u00a0: L\u2019Ordre (\u00e9v\u00eaque, pr\u00eatre, diacres) et le Mariage consacrent des choix de vie.<\/li>\n<\/ul>\n<p>[\/et_pb_text][\/et_pb_column][\/et_pb_row][\/et_pb_section]<\/p>\n","protected":false},"excerpt":{"rendered":"<p>Info-parents &nbsp; Une responsabilit\u00e9 partag\u00e9e avec vous Comme parents, vous \u00eates\u00a0les premiers \u00e9ducateurs de votre enfant. L\u2019\u00e9ducation spirituelle chr\u00e9tienne de votre enfant fait partie de vos d\u00e9fis. Les responsables de votre paroisse d\u00e9sirent vous soutenir dans cette aventure pas toujours \u00e9vidente. C\u2019est pourquoi nous vous invitons \u00e0 collaborer avec nous dans ce cheminement de foi [&hellip;]<\/p>\n","protected":false},"author":1,"featured_media":0,"parent":0,"menu_order":0,"comment_status":"closed","ping_status":"closed","template":"","meta":{"_et_pb_use_builder":"on","_et_pb_old_content":"","_et_gb_content_width":""},"_links":{"self":[{"href":"https:\/\/laganggps.ca\/becancour\/index.php\/wp-json\/wp\/v2\/pages\/144"}],"collection":[{"href":"https:\/\/laganggps.ca\/becancour\/index.php\/wp-json\/wp\/v2\/pages"}],"about":[{"href":"https:\/\/laganggps.ca\/becancour\/index.php\/wp-json\/wp\/v2\/types\/page"}],"author":[{"embeddable":true,"href":"https:\/\/laganggps.ca\/becancour\/index.php\/wp-json\/wp\/v2\/users\/1"}],"replies":[{"embeddable":true,"href":"https:\/\/laganggps.ca\/becancour\/index.php\/wp-json\/wp\/v2\/comments?post=144"}],"version-history":[{"count":7,"href":"https:\/\/laganggps.ca\/becancour\/index.php\/wp-json\/wp\/v2\/pages\/144\/revisions"}],"predecessor-version":[{"id":299,"href":"https:\/\/laganggps.ca\/becancour\/index.php\/wp-json\/wp\/v2\/pages\/144\/revisions\/299"}],"wp:attachment":[{"href":"https:\/\/laganggps.ca\/becancour\/index.php\/wp-json\/wp\/v2\/media?parent=144"}],"curies":[{"name":"wp","href":"https:\/\/api.w.org\/{rel}","templated":true}]}}