{"id":179,"date":"2017-10-12T00:52:00","date_gmt":"2017-10-11T23:52:00","guid":{"rendered":"http:\/\/laganggps.ca\/becancour\/?page_id=179"},"modified":"2017-10-12T00:52:00","modified_gmt":"2017-10-11T23:52:00","slug":"ecrire-a-sylvie-champagne","status":"publish","type":"page","link":"https:\/\/laganggps.ca\/becancour\/index.php\/ecrire-a-sylvie-champagne\/","title":{"rendered":"\u00c9crire \u00e0 Sylvie Champagne"},"content":{"rendered":"<p>[et_pb_section bb_built= &raquo;1&Prime;][et_pb_row][et_pb_column type= &raquo;4_4&Prime;][et_pb_contact_form admin_label= &raquo;Formulaire &raquo; _builder_version= &raquo;3.0.77&Prime; use_redirect= &raquo;off &raquo; captcha= &raquo;on &raquo; email= &raquo;pastojeunesse@tlb.sympatico.ca &raquo; title= &raquo;Envoyer un courriel \u00e0 Sylvie Champagne &raquo; success_message= &raquo;Merci d&rsquo;avoir pris le temps de nous \u00e9crire! Nous te r\u00e9pondrons dans les plus brefs d\u00e9lais. &raquo; submit_button_text= &raquo;Envoyer &raquo; input_border_radius= &raquo;0&Prime; border_style= &raquo;solid &raquo; custom_button= &raquo;off &raquo; button_letter_spacing= &raquo;0&Prime; button_icon_placement= &raquo;right &raquo; button_letter_spacing_hover= &raquo;0&Prime;] [et_pb_contact_field field_title= &raquo;Nom &raquo; field_type= &raquo;input &raquo; field_id= &raquo;Nom &raquo; required_mark= &raquo;on &raquo; fullwidth_field= &raquo;off &raquo; _builder_version= &raquo;3.0.77&Prime; use_background_color_gradient= &raquo;off &raquo; background_color_gradient_start= &raquo;#2b87da &raquo; background_color_gradient_end= &raquo;#29c4a9&Prime; background_color_gradient_type= &raquo;linear &raquo; background_color_gradient_direction= &raquo;180deg &raquo; background_color_gradient_direction_radial= &raquo;center &raquo; background_color_gradient_start_position= &raquo;0% &raquo; background_color_gradient_end_position= &raquo;100% &raquo; parallax= &raquo;off &raquo; parallax_method= &raquo;on &raquo; background_size= &raquo;cover &raquo; background_position= &raquo;center &raquo; background_repeat= &raquo;no-repeat &raquo; background_blend= &raquo;normal &raquo; allow_player_pause= &raquo;off &raquo; conditional_logic= &raquo;off &raquo; conditional_logic_relation= &raquo;off &raquo; conditional_logic_rules= &raquo;%91{%22field%22:%22email%22,%22condition%22:%22is%22,%22value%22:%22%22}%93&Prime; checkbox_checked= &raquo;off &raquo; checkbox_options= &raquo;%91{%22value%22:%22Name%22,%22checked%22:0}%93&Prime; radio_options= &raquo;%91{%22value%22:%22Name%22,%22checked%22:0}%93&Prime; select_options= &raquo;%91{%22value%22:%22Name%22,%22checked%22:0}%93&Prime; min_length= &raquo;0&Prime; max_length= &raquo;0&Prime; allowed_symbols= &raquo;all &raquo; form_field_font_select= &raquo;default &raquo; form_field_font= &raquo;|||| &raquo; use_border_color= &raquo;off &raquo; border_style= &raquo;solid &raquo; \/][et_pb_contact_field field_title= &raquo;Courriel &raquo; field_type= &raquo;email &raquo; field_id= &raquo;Courriel &raquo; required_mark= &raquo;on &raquo; fullwidth_field= &raquo;off &raquo; _builder_version= &raquo;3.0.77&Prime; use_background_color_gradient= &raquo;off &raquo; background_color_gradient_start= &raquo;#2b87da &raquo; background_color_gradient_end= &raquo;#29c4a9&Prime; background_color_gradient_type= &raquo;linear &raquo; background_color_gradient_direction= &raquo;180deg &raquo; background_color_gradient_direction_radial= &raquo;center &raquo; background_color_gradient_start_position= &raquo;0% &raquo; background_color_gradient_end_position= &raquo;100% &raquo; parallax= &raquo;off &raquo; parallax_method= &raquo;on &raquo; background_size= &raquo;cover &raquo; background_position= &raquo;center &raquo; background_repeat= &raquo;no-repeat &raquo; background_blend= &raquo;normal &raquo; allow_player_pause= &raquo;off &raquo; conditional_logic= &raquo;off &raquo; conditional_logic_relation= &raquo;off &raquo; conditional_logic_rules= &raquo;%91{%22field%22:%22nom%22,%22condition%22:%22is%22,%22value%22:%22%22}%93&Prime; checkbox_checked= &raquo;off &raquo; checkbox_options= &raquo;%91{%22value%22:%22Email Address%22,%22checked%22:0}%93&Prime; radio_options= &raquo;%91{%22value%22:%22Email Address%22,%22checked%22:0}%93&Prime; select_options= &raquo;%91{%22value%22:%22Email Address%22,%22checked%22:0}%93&Prime; min_length= &raquo;0&Prime; max_length= &raquo;0&Prime; allowed_symbols= &raquo;all &raquo; form_field_font_select= &raquo;default &raquo; form_field_font= &raquo;|||| &raquo; use_border_color= &raquo;off &raquo; border_style= &raquo;solid &raquo; \/][et_pb_contact_field field_title= &raquo;Message &raquo; field_type= &raquo;text &raquo; field_id= &raquo;Message &raquo; required_mark= &raquo;on &raquo; fullwidth_field= &raquo;on &raquo; _builder_version= &raquo;3.0.77&Prime; \/] [\/et_pb_contact_form][\/et_pb_column][\/et_pb_row][\/et_pb_section]<\/p>\n","protected":false},"excerpt":{"rendered":"<div class=\"et_pb_row et_pb_row_0 et_pb_row_empty\">\n\t\t\t\t\n\t\t\t\t\n\t\t\t\t\n\t\t\t\t\n\t\t\t\t\n\t\t\t<\/div>\n","protected":false},"author":1,"featured_media":0,"parent":0,"menu_order":0,"comment_status":"closed","ping_status":"closed","template":"","meta":{"_et_pb_use_builder":"on","_et_pb_old_content":"","_et_gb_content_width":""},"_links":{"self":[{"href":"https:\/\/laganggps.ca\/becancour\/index.php\/wp-json\/wp\/v2\/pages\/179"}],"collection":[{"href":"https:\/\/laganggps.ca\/becancour\/index.php\/wp-json\/wp\/v2\/pages"}],"about":[{"href":"https:\/\/laganggps.ca\/becancour\/index.php\/wp-json\/wp\/v2\/types\/page"}],"author":[{"embeddable":true,"href":"https:\/\/laganggps.ca\/becancour\/index.php\/wp-json\/wp\/v2\/users\/1"}],"replies":[{"embeddable":true,"href":"https:\/\/laganggps.ca\/becancour\/index.php\/wp-json\/wp\/v2\/comments?post=179"}],"version-history":[{"count":1,"href":"https:\/\/laganggps.ca\/becancour\/index.php\/wp-json\/wp\/v2\/pages\/179\/revisions"}],"predecessor-version":[{"id":180,"href":"https:\/\/laganggps.ca\/becancour\/index.php\/wp-json\/wp\/v2\/pages\/179\/revisions\/180"}],"wp:attachment":[{"href":"https:\/\/laganggps.ca\/becancour\/index.php\/wp-json\/wp\/v2\/media?parent=179"}],"curies":[{"name":"wp","href":"https:\/\/api.w.org\/{rel}","templated":true}]}}