{"id":211,"date":"2017-10-13T03:52:36","date_gmt":"2017-10-13T02:52:36","guid":{"rendered":"http:\/\/laganggps.ca\/becancour\/?page_id=211"},"modified":"2018-08-24T19:28:01","modified_gmt":"2018-08-24T18:28:01","slug":"sacrements-et-activites-de-cheminement","status":"publish","type":"page","link":"https:\/\/laganggps.ca\/becancour\/index.php\/sacrements-et-activites-de-cheminement\/","title":{"rendered":"Sacrements et activit\u00e9s de cheminement"},"content":{"rendered":"<p>[et_pb_section bb_built= &raquo;1&Prime;][et_pb_row][et_pb_column type= &raquo;4_4&Prime;][et_pb_text admin_label= &raquo;Texte Sacrements et activit\u00e9s de cheminement &raquo; _builder_version= &raquo;3.12.2&Prime;]<\/p>\n<div style=\"left: -3000px; width: 1000px; overflow: hidden; position: fixed;\" contenteditable=\"false\">\n<div contenteditable=\"true\">\n<h2><strong>Sacrements et autres activit\u00e9s de cheminement<\/strong><\/h2>\n<p>Comment pourrait-on croire \u00e0 l\u2019amour de nos parents ou \u00e0 l\u2019amiti\u00e9 de nos amis s\u2019il n\u2019y avait que des paroles\u00a0? Des gestes sont n\u00e9cessaires pour qu\u2019on puisse ressentir et croire \u00e0 cet amour de nos parents ou \u00e0 l\u2019amiti\u00e9. L\u2019\u00c9glise aussi a des gestes particuliers qui manifestent l\u2019amour infini de Dieu\u00a0pour ses enfants : ce sont LES SACREMENTS.<\/p>\n<p>Chaque sacrement est un signe sensible qui nous aide \u00e0 d\u00e9couvrir le DON DE L\u2019AMOUR DE DIEU, \u00e0 d\u00e9couvrir le don unique qu\u2019il nous fait pour b\u00e2tir le monde \u00e0 la suite de J\u00e9sus.<\/p>\n<p>Le Seigneur agit par ses t\u00e9moins. C\u2019est donc dans la communaut\u00e9 de foi, l\u2019\u00c9glise, qu\u2019on se pr\u00e9pare et qu\u2019on c\u00e9l\u00e8bre les sacrements.<\/p>\n<p>Avec la Gang GPS, si tu as le d\u00e9sir de te pr\u00e9parer \u00e0 un sacrement, c\u2019est possible\u00a0! Apr\u00e8s quelques cat\u00e9ch\u00e8ses de cheminement, des sentiers et une halte, tu pourras entrer dans l\u2019une des voies d\u2019acc\u00e8s conduisant \u00e0 l\u2019un de ces sacrements*\u00a0:<\/p>\n<ul>\n<li>Parcours A\u00a0:<strong> Bapt\u00eame <\/strong>(7 ans et plus qui n\u2019est pas baptis\u00e9)<\/li>\n<li>Parcours B\u00a0:<strong> Pardon-R\u00e9conciliation <\/strong>(8 ans et +)<\/li>\n<li>Parcours C\u00a0:<strong> Eucharistie <\/strong>ou la communion (8 ans et +)<\/li>\n<li>Parcours D\u00a0:<strong> Confirmation <\/strong>(10 ans et plus)<\/li>\n<\/ul>\n<p>Pour plus de d\u00e9tails et voir comment t\u2019inscrire aux activit\u00e9s, consulte <a href=\"http:\/\/laganggps.ca\/drummondville\/un-seul-chemin-avec-quatre-parcours-pour-devenir-pelerins\/\">l\u2019onglet \u00ab\u00a0Activit\u00e9s\u00a0\u00bb.<\/a><\/p>\n<blockquote><p>\u00abL\u2019initiation chr\u00e9tienne s\u2019accomplit par l\u2019ensemble de trois sacrements\u00a0: le <strong>Bapt\u00eame<\/strong> qui est le d\u00e9but de la vie nouvelle; la <strong>Confirmation<\/strong> qui en est l\u2019affermissement; et <strong>l\u2019Eucharistie<\/strong> qui nourrit le disciple avec le Corps et le Sang du Christ en vue de sa transformation en Lui.\u00a0\u00bb<br \/>\n<em>Cat\u00e9chisme de l\u2019\u00c9glise catholique<\/em>, no 1275.<\/p><\/blockquote>\n<\/div>\n<\/div>\n<h2>Sacrements et autres activit\u00e9s de cheminement<\/h2>\n<div style=\"left: -3000px; width: 1000px; overflow: hidden; position: fixed;\" contenteditable=\"false\">\n<div contenteditable=\"true\">\n<p>Comment pourrait-on croire \u00e0 l\u2019amour de nos parents ou \u00e0 l\u2019amiti\u00e9 de nos amis s\u2019il n\u2019y avait que des paroles\u00a0? Des gestes sont n\u00e9cessaires pour qu\u2019on puisse ressentir et croire \u00e0 cet amour de nos parents ou \u00e0 l\u2019amiti\u00e9. L\u2019\u00c9glise aussi a des gestes particuliers qui manifestent l\u2019amour infini de Dieu\u00a0pour ses enfants : ce sont LES SACREMENTS.<\/p>\n<p>Chaque sacrement est un signe sensible qui nous aide \u00e0 d\u00e9couvrir le DON DE L\u2019AMOUR DE DIEU, \u00e0 d\u00e9couvrir le don unique qu\u2019il nous fait pour b\u00e2tir le monde \u00e0 la suite de J\u00e9sus.<\/p>\n<p>Le Seigneur agit par ses t\u00e9moins. C\u2019est donc dans la communaut\u00e9 de foi, l\u2019\u00c9glise, qu\u2019on se pr\u00e9pare et qu\u2019on c\u00e9l\u00e8bre les sacrements.<\/p>\n<p>Avec la Gang GPS, si tu as le d\u00e9sir de te pr\u00e9parer \u00e0 un sacrement, c\u2019est possible\u00a0! Apr\u00e8s quelques cat\u00e9ch\u00e8ses de cheminement, des sentiers et une halte, tu pourras entrer dans l\u2019une des voies d\u2019acc\u00e8s conduisant \u00e0 l\u2019un de ces sacrements*\u00a0:<\/p>\n<ul>\n<li>Parcours A\u00a0:<strong> Bapt\u00eame <\/strong>(7 ans et plus qui n\u2019est pas baptis\u00e9)<\/li>\n<li>Parcours B\u00a0:<strong> Pardon-R\u00e9conciliation <\/strong>(8 ans et +)<\/li>\n<li>Parcours C\u00a0:<strong> Eucharistie <\/strong>ou la communion (8 ans et +)<\/li>\n<li>Parcours D\u00a0:<strong> Confirmation <\/strong>(10 ans et plus)<\/li>\n<\/ul>\n<p>Pour plus de d\u00e9tails et voir comment t\u2019inscrire aux activit\u00e9s, consulte <a href=\"http:\/\/laganggps.ca\/drummondville\/un-seul-chemin-avec-quatre-parcours-pour-devenir-pelerins\/\">l\u2019onglet \u00ab\u00a0Activit\u00e9s\u00a0\u00bb.<\/a><\/p>\n<blockquote><p>\u00abL\u2019initiation chr\u00e9tienne s\u2019accomplit par l\u2019ensemble de trois sacrements\u00a0: le <strong>Bapt\u00eame<\/strong> qui est le d\u00e9but de la vie nouvelle; la <strong>Confirmation<\/strong> qui en est l\u2019affermissement; et <strong>l\u2019Eucharistie<\/strong> qui nourrit le disciple avec le Corps et le Sang du Christ en vue de sa transformation en Lui.\u00a0\u00bb<br \/>\n<em>Cat\u00e9chisme de l\u2019\u00c9glise catholique<\/em>, no 1275.<\/p><\/blockquote>\n<\/div>\n<\/div>\n<p>Comment pourrait-on croire \u00e0 l\u2019amour de nos parents ou \u00e0 l\u2019amiti\u00e9 de nos amis s\u2019il n\u2019y avait que des paroles? Des gestes sont n\u00e9cessaires pour qu\u2019on puisse ressentir et croire \u00e0 cet amour de nos parents ou \u00e0 l\u2019amiti\u00e9. L\u2019\u00c9glise aussi a des gestes particuliers qui manifestent l\u2019amour infini de Dieu\u00a0pour ses enfants : ce sont LES SACREMENTS.<\/p>\n<p>Chaque sacrement est un signe sensible qui nous aide \u00e0 d\u00e9couvrir le DON DE L\u2019AMOUR DE DIEU, \u00e0 d\u00e9couvrir le don unique qu\u2019il nous fait pour b\u00e2tir le monde \u00e0 la suite de J\u00e9sus.<\/p>\n<p>Le Seigneur agit par ses t\u00e9moins. C\u2019est donc dans la communaut\u00e9 de foi, l\u2019\u00c9glise, qu\u2019on se pr\u00e9pare et qu\u2019on c\u00e9l\u00e8bre les sacrements.<\/p>\n<p>Avec la Gang GPS, si tu as le d\u00e9sir de te pr\u00e9parer \u00e0 un sacrement, c\u2019est possible! Apr\u00e8s quelques cat\u00e9ch\u00e8ses de cheminement, des sentiers et une halte, tu pourras entrer dans l\u2019une des voies d\u2019acc\u00e8s conduisant \u00e0 l\u2019un de ces sacrements*\u00a0:<\/p>\n<ul>\n<li>Route \u00e0 pied :<strong> Bapt\u00eame <\/strong>(8 ans et plus qui n\u2019est pas baptis\u00e9)<\/li>\n<li>Route en v\u00e9lo :<strong> Pardon-R\u00e9conciliation <\/strong>(9 ans et +)<\/li>\n<li>Route en canot :<strong> Eucharistie <\/strong>ou la communion (9 ans et +)<\/li>\n<li>Route en autobus :<strong> Confirmation <\/strong>(10 ans et plus)<\/li>\n<\/ul>\n<p>Pour plus de d\u00e9tails et voir comment t\u2019inscrire aux activit\u00e9s, consulte <a href=\"http:\/\/laganggps.ca\/becancour\/index.php\/un-seul-chemin-avec-quatre-parcours-pour-devenir-pelerins\/\">l\u2019onglet \u00ab\u00a0Activit\u00e9s\u00a0\u00bb<\/a>.<\/p>\n<blockquote><p>\u00ab\u00a0L\u2019initiation chr\u00e9tienne s\u2019accomplit par l\u2019ensemble de trois sacrements\u00a0: le <strong>Bapt\u00eame<\/strong> qui est le d\u00e9but de la vie nouvelle; la <strong>Confirmation<\/strong> qui en est l\u2019affermissement; et <strong>l\u2019Eucharistie<\/strong> qui nourrit le disciple avec le Corps et le Sang du Christ en vue de sa transformation en Lui.\u00a0\u00bb<br \/>\n<em>Cat\u00e9chisme de l\u2019\u00c9glise catholique<\/em>, n<sup>o\u00a0<\/sup>1275.<\/p><\/blockquote>\n<div style=\"left: -3000px; width: 1000px; overflow: hidden; position: fixed;\" contenteditable=\"false\">\n<div contenteditable=\"true\">\n<p>Comment pourrait-on croire \u00e0 l\u2019amour de nos parents ou \u00e0 l\u2019amiti\u00e9 de nos amis s\u2019il n\u2019y avait que des paroles\u00a0? Des gestes sont n\u00e9cessaires pour qu\u2019on puisse ressentir et croire \u00e0 cet amour de nos parents ou \u00e0 l\u2019amiti\u00e9. L\u2019\u00c9glise aussi a des gestes particuliers qui manifestent l\u2019amour infini de Dieu\u00a0pour ses enfants : ce sont LES SACREMENTS.<\/p>\n<p>Chaque sacrement est un signe sensible qui nous aide \u00e0 d\u00e9couvrir le DON DE L\u2019AMOUR DE DIEU, \u00e0 d\u00e9couvrir le don unique qu\u2019il nous fait pour b\u00e2tir le monde \u00e0 la suite de J\u00e9sus.<\/p>\n<p>Le Seigneur agit par ses t\u00e9moins. C\u2019est donc dans la communaut\u00e9 de foi, l\u2019\u00c9glise, qu\u2019on se pr\u00e9pare et qu\u2019on c\u00e9l\u00e8bre les sacrements.<\/p>\n<p>Avec la Gang GPS, si tu as le d\u00e9sir de te pr\u00e9parer \u00e0 un sacrement, c\u2019est possible\u00a0! Apr\u00e8s quelques cat\u00e9ch\u00e8ses de cheminement, des sentiers et une halte, tu pourras entrer dans l\u2019une des voies d\u2019acc\u00e8s conduisant \u00e0 l\u2019un de ces sacrements*\u00a0:<\/p>\n<ul>\n<li>Parcours A\u00a0:<strong> Bapt\u00eame <\/strong>(7 ans et plus qui n\u2019est pas baptis\u00e9)<\/li>\n<li>Parcours B\u00a0:<strong> Pardon-R\u00e9conciliation <\/strong>(8 ans et +)<\/li>\n<li>Parcours C\u00a0:<strong> Eucharistie <\/strong>ou la communion (8 ans et +)<\/li>\n<li>Parcours D\u00a0:<strong> Confirmation <\/strong>(10 ans et plus)<\/li>\n<\/ul>\n<p>Pour plus de d\u00e9tails et voir comment t\u2019inscrire aux activit\u00e9s, consulte <a href=\"http:\/\/laganggps.ca\/drummondville\/un-seul-chemin-avec-quatre-parcours-pour-devenir-pelerins\/\">l\u2019onglet \u00ab\u00a0Activit\u00e9s\u00a0\u00bb.<\/a><\/p>\n<blockquote><p>\u00abL\u2019initiation chr\u00e9tienne s\u2019accomplit par l\u2019ensemble de trois sacrements\u00a0: le <strong>Bapt\u00eame<\/strong> qui est le d\u00e9but de la vie nouvelle; la <strong>Confirmation<\/strong> qui en est l\u2019affermissement; et <strong>l\u2019Eucharistie<\/strong> qui nourrit le disciple avec le Corps et le Sang du Christ en vue de sa transformation en Lui.\u00a0\u00bb<br \/>\n<em>Cat\u00e9chisme de l\u2019\u00c9glise catholique<\/em>, no 1275.<\/p><\/blockquote>\n<\/div>\n<\/div>\n<div style=\"left: -3000px; width: 1000px; overflow: hidden; position: fixed;\" contenteditable=\"false\">\n<div contenteditable=\"true\">\n<h2><strong>Sacrements et autres activit\u00e9s de cheminement<\/strong><\/h2>\n<p>Comment pourrait-on croire \u00e0 l\u2019amour de nos parents ou \u00e0 l\u2019amiti\u00e9 de nos amis s\u2019il n\u2019y avait que des paroles\u00a0? Des gestes sont n\u00e9cessaires pour qu\u2019on puisse ressentir et croire \u00e0 cet amour de nos parents ou \u00e0 l\u2019amiti\u00e9. L\u2019\u00c9glise aussi a des gestes particuliers qui manifestent l\u2019amour infini de Dieu\u00a0pour ses enfants : ce sont LES SACREMENTS.<\/p>\n<p>Chaque sacrement est un signe sensible qui nous aide \u00e0 d\u00e9couvrir le DON DE L\u2019AMOUR DE DIEU, \u00e0 d\u00e9couvrir le don unique qu\u2019il nous fait pour b\u00e2tir le monde \u00e0 la suite de J\u00e9sus.<\/p>\n<p>Le Seigneur agit par ses t\u00e9moins. C\u2019est donc dans la communaut\u00e9 de foi, l\u2019\u00c9glise, qu\u2019on se pr\u00e9pare et qu\u2019on c\u00e9l\u00e8bre les sacrements.<\/p>\n<p>Avec la Gang GPS, si tu as le d\u00e9sir de te pr\u00e9parer \u00e0 un sacrement, c\u2019est possible\u00a0! Apr\u00e8s quelques cat\u00e9ch\u00e8ses de cheminement, des sentiers et une halte, tu pourras entrer dans l\u2019une des voies d\u2019acc\u00e8s conduisant \u00e0 l\u2019un de ces sacrements*\u00a0:<\/p>\n<ul>\n<li>Parcours A\u00a0:<strong> Bapt\u00eame <\/strong>(7 ans et plus qui n\u2019est pas baptis\u00e9)<\/li>\n<li>Parcours B\u00a0:<strong> Pardon-R\u00e9conciliation <\/strong>(8 ans et +)<\/li>\n<li>Parcours C\u00a0:<strong> Eucharistie <\/strong>ou la communion (8 ans et +)<\/li>\n<li>Parcours D\u00a0:<strong> Confirmation <\/strong>(10 ans et plus)<\/li>\n<\/ul>\n<p>Pour plus de d\u00e9tails et voir comment t\u2019inscrire aux activit\u00e9s, consulte <a href=\"http:\/\/laganggps.ca\/drummondville\/un-seul-chemin-avec-quatre-parcours-pour-devenir-pelerins\/\">l\u2019onglet \u00ab\u00a0Activit\u00e9s\u00a0\u00bb.<\/a><\/p>\n<blockquote><p>\u00abL\u2019initiation chr\u00e9tienne s\u2019accomplit par l\u2019ensemble de trois sacrements\u00a0: le <strong>Bapt\u00eame<\/strong> qui est le d\u00e9but de la vie nouvelle; la <strong>Confirmation<\/strong> qui en est l\u2019affermissement; et <strong>l\u2019Eucharistie<\/strong> qui nourrit le disciple avec le Corps et le Sang du Christ en vue de sa transformation en Lui.\u00a0\u00bb<br \/>\n<em>Cat\u00e9chisme de l\u2019\u00c9glise catholique<\/em>, no 1275.<\/p><\/blockquote>\n<\/div>\n<\/div>\n<p>[\/et_pb_text][\/et_pb_column][\/et_pb_row][\/et_pb_section]<\/p>\n","protected":false},"excerpt":{"rendered":"<p><div class=\"et_pb_row et_pb_row_0 et_pb_row_empty\">\n\t\t\t\t\n\t\t\t\t\n\t\t\t\t\n\t\t\t\t\n\t\t\t\t\n\t\t\t<\/div> Sacrements et autres activit\u00e9s de cheminement Comment pourrait-on croire \u00e0 l\u2019amour de nos parents ou \u00e0 l\u2019amiti\u00e9 de nos amis s\u2019il n\u2019y avait que des paroles\u00a0? Des gestes sont n\u00e9cessaires pour qu\u2019on puisse ressentir et croire \u00e0 cet amour de nos parents ou \u00e0 l\u2019amiti\u00e9. L\u2019\u00c9glise aussi a des gestes particuliers qui manifestent l\u2019amour [&hellip;]<\/p>\n","protected":false},"author":1,"featured_media":0,"parent":0,"menu_order":0,"comment_status":"closed","ping_status":"closed","template":"","meta":{"_et_pb_use_builder":"on","_et_pb_old_content":"","_et_gb_content_width":""},"_links":{"self":[{"href":"https:\/\/laganggps.ca\/becancour\/index.php\/wp-json\/wp\/v2\/pages\/211"}],"collection":[{"href":"https:\/\/laganggps.ca\/becancour\/index.php\/wp-json\/wp\/v2\/pages"}],"about":[{"href":"https:\/\/laganggps.ca\/becancour\/index.php\/wp-json\/wp\/v2\/types\/page"}],"author":[{"embeddable":true,"href":"https:\/\/laganggps.ca\/becancour\/index.php\/wp-json\/wp\/v2\/users\/1"}],"replies":[{"embeddable":true,"href":"https:\/\/laganggps.ca\/becancour\/index.php\/wp-json\/wp\/v2\/comments?post=211"}],"version-history":[{"count":3,"href":"https:\/\/laganggps.ca\/becancour\/index.php\/wp-json\/wp\/v2\/pages\/211\/revisions"}],"predecessor-version":[{"id":296,"href":"https:\/\/laganggps.ca\/becancour\/index.php\/wp-json\/wp\/v2\/pages\/211\/revisions\/296"}],"wp:attachment":[{"href":"https:\/\/laganggps.ca\/becancour\/index.php\/wp-json\/wp\/v2\/media?parent=211"}],"curies":[{"name":"wp","href":"https:\/\/api.w.org\/{rel}","templated":true}]}}