{"id":227,"date":"2017-10-13T04:14:31","date_gmt":"2017-10-13T03:14:31","guid":{"rendered":"http:\/\/laganggps.ca\/becancour\/?page_id=227"},"modified":"2021-08-23T19:28:21","modified_gmt":"2021-08-23T18:28:21","slug":"un-seul-chemin-avec-quatre-parcours-pour-devenir-pelerins","status":"publish","type":"page","link":"https:\/\/laganggps.ca\/becancour\/index.php\/un-seul-chemin-avec-quatre-parcours-pour-devenir-pelerins\/","title":{"rendered":"Un seul chemin avec quatre parcours pour devenir p\u00e8lerins"},"content":{"rendered":"<p>[et_pb_section fb_built= &raquo;1&Prime; _builder_version= &raquo;3.22.3&Prime; global_colors_info= &raquo;{} &raquo;][et_pb_row _builder_version= &raquo;3.25&Prime; background_size= &raquo;initial &raquo; background_position= &raquo;top_left &raquo; background_repeat= &raquo;repeat &raquo; global_colors_info= &raquo;{} &raquo;][et_pb_column type= &raquo;4_4&Prime; _builder_version= &raquo;3.25&Prime; custom_padding= &raquo;||| &raquo; global_colors_info= &raquo;{} &raquo; custom_padding__hover= &raquo;||| &raquo;][et_pb_text admin_label= &raquo;Image interactive &raquo; _builder_version= &raquo;3.27.4&Prime; global_colors_info= &raquo;{} &raquo;]<img decoding=\"async\" loading=\"lazy\" class=\"aligncenter size-full wp-image-303\" src=\"http:\/\/laganggps.ca\/becancour\/wp-content\/uploads\/2018\/10\/carte_interactive.jpg\" alt=\"Parcours GPS\" usemap=\"#Map\" width=\"1024\" height=\"791\" srcset=\"https:\/\/laganggps.ca\/becancour\/wp-content\/uploads\/2018\/10\/carte_interactive.jpg 1024w, https:\/\/laganggps.ca\/becancour\/wp-content\/uploads\/2018\/10\/carte_interactive-300x232.jpg 300w, https:\/\/laganggps.ca\/becancour\/wp-content\/uploads\/2018\/10\/carte_interactive-768x593.jpg 768w\" sizes=\"(max-width: 1024px) 100vw, 1024px\" \/><\/p>\n<map id=\"Map\" name=\"Map\">\n<area title=\"Activit\u00e9s pour les ados (mission jeunesse)\" coords=\"877,733,38\" shape=\"circle\" href=\"https:\/\/diocesenicolet.sogetel.net\/gps_becancour\/activites_mission_jeunesse.php\" \/>\n<area title=\"Activit\u00e9s pour les familles\" coords=\"72,560,58\" shape=\"circle\" href=\"https:\/\/diocesenicolet.sogetel.net\/gps_becancour\/activites_famille.php\" \/>\n<area title=\"Parcours A\" coords=\"99,458,373,506\" shape=\"rect\" href=\"http:\/\/laganggps.ca\/becancour\/index.php\/un-seul-chemin-avec-quatre-parcours-pour-devenir-pelerins\/#parcours_A\" \/>\n<area title=\"Parcours B\" coords=\"350,307,403,437\" shape=\"rect\" href=\"http:\/\/laganggps.ca\/becancour\/index.php\/un-seul-chemin-avec-quatre-parcours-pour-devenir-pelerins\/#parcours_B\" \/>\n<area title=\"Parcours C\" coords=\"476,349,520,415\" shape=\"rect\" href=\"http:\/\/laganggps.ca\/becancour\/index.php\/un-seul-chemin-avec-quatre-parcours-pour-devenir-pelerins\/#parcours_C\" \/>\n<area title=\"Parcours C\" coords=\"507,300,566,369\" shape=\"rect\" href=\"http:\/\/laganggps.ca\/becancour\/index.php\/un-seul-chemin-avec-quatre-parcours-pour-devenir-pelerins\/#parcours_C\" \/>\n<area title=\"Parcours D\" coords=\"821,386,906,459\" shape=\"rect\" href=\"http:\/\/laganggps.ca\/becancour\/index.php\/un-seul-chemin-avec-quatre-parcours-pour-devenir-pelerins\/#parcours_D\" \/>\n<area title=\"Parcours D\" coords=\"743,442,838,515\" shape=\"rect\" href=\"http:\/\/laganggps.ca\/becancour\/index.php\/un-seul-chemin-avec-quatre-parcours-pour-devenir-pelerins\/#parcours_D\" \/>\n<area title=\"Bapt\u00eame\" coords=\"174,237,291,298\" shape=\"rect\" href=\"http:\/\/laganggps.ca\/becancour\/index.php\/un-seul-chemin-avec-quatre-parcours-pour-devenir-pelerins\/#parcours_A\" \/>\n<area title=\"Pardon\" coords=\"333,163,454,216\" shape=\"rect\" href=\"http:\/\/laganggps.ca\/becancour\/index.php\/un-seul-chemin-avec-quatre-parcours-pour-devenir-pelerins\/#parcours_B\" \/>\n<area title=\"Eucharistie\" coords=\"588,199,737,258\" shape=\"rect\" href=\"http:\/\/laganggps.ca\/becancour\/index.php\/un-seul-chemin-avec-quatre-parcours-pour-devenir-pelerins\/#parcours_C\" \/>\n<area title=\"Confirmation\" coords=\"812,122,947,179\" shape=\"rect\" href=\"http:\/\/laganggps.ca\/becancour\/index.php\/un-seul-chemin-avec-quatre-parcours-pour-devenir-pelerins\/#parcours_D\" \/>\n<area title=\"Cat\u00e9ch\u00e8ses de cheminement\" coords=\"388,440,590,495\" shape=\"rect\" href=\"https:\/\/diocesenicolet.sogetel.net\/gps_becancour\/activites.php\" \/>\n<area title=\"Cat\u00e9ch\u00e8ses de cheminement\" coords=\"589,479,704,534\" shape=\"rect\" href=\"https:\/\/diocesenicolet.sogetel.net\/gps_becancour\/activites.php\" \/>\n<area title=\"Cat\u00e9ch\u00e8ses de cheminement\" coords=\"669,524,779,569\" shape=\"rect\" href=\"https:\/\/diocesenicolet.sogetel.net\/gps_becancour\/activites.php\" \/>\n<area title=\"Sentier de la pri\u00e8re\" coords=\"358,514,571,538\" shape=\"rect\" href=\"https:\/\/diocesenicolet.sogetel.net\/gps_becancour\/activites.php#priere\" \/>\n<area title=\"Sentier de l'engagement\" coords=\"306,699,593,761\" shape=\"rect\" href=\"https:\/\/diocesenicolet.sogetel.net\/gps_becancour\/activites.php#engagement\" \/>\n<area title=\"Sentier de la c\u00e9l\u00e9bration\" coords=\"285,635,576,674\" shape=\"rect\" href=\"https:\/\/diocesenicolet.sogetel.net\/gps_becancour\/activites.php#celebration\" \/>\n<area title=\"Sentier de la fraternit\u00e9\" coords=\"309,594,456,626\" shape=\"rect\" href=\"https:\/\/diocesenicolet.sogetel.net\/gps_becancour\/activites.php#fraternite\" \/>\n<area title=\"Sentier de la fraternit\u00e9\" coords=\"452,552,577,609\" shape=\"rect\" href=\"https:\/\/diocesenicolet.sogetel.net\/gps_becancour\/activites.php#fraternite\" \/> <\/map>\n<p>[\/et_pb_text][et_pb_text admin_label= &raquo;Texte Un chemin avec quatre parcours &raquo; _builder_version= &raquo;3.27.4&Prime; global_colors_info= &raquo;{} &raquo;]<\/p>\n<h2><\/h2>\n<p>&nbsp;<\/p>\n<p>&nbsp;<\/p>\n<h2><\/h2>\n<h2>Un seul chemin avec quatre parcours pour devenir p\u00e8lerins<\/h2>\n<p><img decoding=\"async\" loading=\"lazy\" width=\"300\" height=\"200\" class=\"size-medium wp-image-239 alignright\" alt=\"\" src=\"http:\/\/laganggps.ca\/becancour\/wp-content\/uploads\/2017\/10\/IMG_6762-300x200.jpg\" srcset=\"https:\/\/laganggps.ca\/becancour\/wp-content\/uploads\/2017\/10\/IMG_6762-300x200.jpg 300w, https:\/\/laganggps.ca\/becancour\/wp-content\/uploads\/2017\/10\/IMG_6762-768x512.jpg 768w, https:\/\/laganggps.ca\/becancour\/wp-content\/uploads\/2017\/10\/IMG_6762-1024x683.jpg 1024w, https:\/\/laganggps.ca\/becancour\/wp-content\/uploads\/2017\/10\/IMG_6762-1080x720.jpg 1080w\" sizes=\"(max-width: 300px) 100vw, 300px\" \/>La <em>Gang GPS<\/em> propose de d\u00e9couvrir le tr\u00e9sor de \u00ab\u00a0vie en abondance\u00a0\u00bb promis par J\u00e9sus (<em>Jean<\/em>, 10, 10) \u00e0 travers\u00a0des cat\u00e9ch\u00e8ses, des activit\u00e9s et des sacrements. C\u2019est un chemin pour s\u2019initier et exp\u00e9rimenter avec d\u2019autres ce qu\u2019est la vie chr\u00e9tienne, \u00e0 travers <u>3 types d\u2019activit\u00e9s<\/u>\u00a0:<\/p>\n<p><strong>1<sup>er<\/sup> type\u00a0: Cat\u00e9ch\u00e8ses de cheminement<\/strong> (6 cat\u00e9ch\u00e8ses par ann\u00e9e)<br \/><a name=\"parcours_A\" id=\"parcours_A\"><\/a><strong>2<sup>e<\/sup> type\u00a0: Sentiers d\u2019exploration<\/strong>\u00a0: activit\u00e9s vari\u00e9es autour de la pri\u00e8re, de la fraternit\u00e9, de la c\u00e9l\u00e9bration ou de l\u2019engagement (choix de 2\u00a0activit\u00e9s ou plus par ann\u00e9e)<br \/><strong>3<sup>e<\/sup> type\u00a0: Voies d\u2019acc\u00e8s aux sacrements<\/strong>\u00a0: Bapt\u00eame, Pardon-R\u00e9conciliation, Eucharistie (communion),\u00a0et Confirmation.<\/p>\n<h3 style=\"color: #006dc8;\"><strong>Route \u00e0 pied &#8211; Parcours A <\/strong>(8 ans et +)<\/h3>\n<ul>\n<li style=\"list-style-type: none;\">\n<ul>\n<li>C\u00e9l\u00e9bration de b\u00e9n\u00e9diction des jeunes avec leurs sacs d\u2019\u00e9cole.<\/li>\n<li><span style=\"font-size: 14px;\">\u00a0C\u00e9l\u00e9bration : Remise de la bible\u00a0 qui sera dans le mois de d\u00e9cembre.<\/span><\/li>\n<li>6 x cat\u00e9ch\u00e8ses.<\/li>\n<li>2 sentiers minimum dans les sentiers diff\u00e9rents.<\/li>\n<li>Retour en petit groupe- mystagogie<\/li>\n<li>Activit\u00e9 en famille : Grand rassemblement en famille.<\/li>\n<li>Possibilit\u00e9 de vivre le bapt\u00eame dans la voie d\u2019acc\u00e8s \u00e0 pied.<\/li>\n<\/ul>\n<\/li>\n<\/ul>\n<p style=\"padding-left: 30px;\"><strong><u>Pour les parents<\/u> : rencontres de ressourcement pour les adultes \u00e0 venir.<\/strong><\/p>\n<h3><\/h3>\n<p><a name=\"parcours_B\" id=\"parcours_B\"><\/a><\/p>\n<h3 style=\"color: #7232ae;\"><strong>Route en v\u00e9lo- Parcours B<\/strong>\u00a0(9 ans et +)<\/h3>\n<ul>\n<li style=\"list-style-type: none;\">\n<ul>\n<li><span style=\"font-size: 14px;\">Tu dois avoir venu \u00e0 5 cat\u00e9ch\u00e8ses de cheminement avant de r\u00e9aliser la route en v\u00e9lo.<\/span><\/li>\n<li><span style=\"font-size: 14px;\">Possibilit\u00e9 de vivre le sacrement du Pardon dans la voie d\u2019acc\u00e8s \u00e0 v\u00e9lo.<\/span><\/li>\n<li>(inclus : 3 x cat\u00e9ch\u00e8ses + c\u00e9l\u00e9bration + mystagogie)<\/li>\n<li>Activit\u00e9 en famille : Grand rassemblent en famille \u00e0 venir.<\/li>\n<\/ul>\n<\/li>\n<\/ul>\n<p style=\"padding-left: 30px;\"><strong><u>Pour les parents<\/u><\/strong><strong> : rencontres de ressourcement pour les adultes \u00e0 venir<\/strong><\/p>\n<h3><\/h3>\n<p><a name=\"parcours_C\" id=\"parcours_C\"><\/a><\/p>\n<h3 style=\"color: #4ba422;\"><strong>Route en canot- Parcours C <\/strong>(9 ans et +)<\/h3>\n<ul>\n<li><span style=\"font-size: 14px;\">Avoir \u00e9t\u00e9 \u00e0 plusieurs c\u00e9l\u00e9brations le dimanche ( voir dans les sentiers diff\u00e9rents.)<\/span><\/li>\n<li>Possibilit\u00e9 de vivre le sacrement d\u2019Eucharistie dans la voie d\u2019acc\u00e8s en canot.<br \/>(inclus : 3 \u00e0 5 cat\u00e9ch\u00e8ses + c\u00e9l\u00e9bration + mystagogie)<\/li>\n<li>Activit\u00e9 en famille :Grand rassemblent en famille \u00e0 venir.<\/li>\n<\/ul>\n<p style=\"padding-left: 30px;\"><strong><u>Pour les parents<\/u><\/strong><strong> : rencontres de ressourcement pour les adultes (dates \u00e0 venir)<\/strong><\/p>\n<p><a name=\"parcours_D\" id=\"parcours_D\"><\/a><\/p>\n<h3><strong>Route en autobus\u00a0&#8211; Parcours D <\/strong>(10 ans et +)<\/h3>\n<ul>\n<li>D\u00e9part avec un voyage en autobus en lien avec un p\u00e8lerinage. Si le p\u00e8lerinage n&rsquo;est pas v\u00e9cu au d\u00e9but, il sera v\u00e9cu au mois de juin.\u00a0<\/li>\n<li><span style=\"font-size: 14px;\">Tu dois avoir venu \u00e0 5 cat\u00e9ch\u00e8ses de cheminement avant de r\u00e9aliser la route en autobus.<\/span><\/li>\n<li><span style=\"font-size: 14px;\">2 sentiers minimum dans les sentiers diff\u00e9rents.<\/span><\/li>\n<li>Possibilit\u00e9 de vivre le sacrement de Confirmation dans la voie acc\u00e8s en autobus: (inclus : 3 \u00e0 5 cat\u00e9ch\u00e8ses + c\u00e9l\u00e9bration + mystagogie)<\/li>\n<li>Activit\u00e9 avec l\u2019\u00e9v\u00eaque \u00e0 la cath\u00e9drale de Nicolet.<\/li>\n<li>Une soir\u00e9e Taiz\u00e9 sp\u00e9ciale avec ton parrain et\/ou ta marraine.<\/li>\n<li>Possibilit\u00e9 de vivre le sacrement du Pardon communautaire.<\/li>\n<li>Activit\u00e9 en famille :Grand rassemblent en famille \u00e0 venir.<\/li>\n<\/ul>\n<p style=\"padding-left: 30px;\"><strong><u>Pour les parents<\/u><\/strong><strong> : rencontres de ressourcement pour les adultes : (dates \u00e0 venir)<\/strong><\/p>\n<p>[\/et_pb_text][\/et_pb_column][\/et_pb_row][\/et_pb_section]<\/p>\n","protected":false},"excerpt":{"rendered":"<p>&nbsp; &nbsp; Un seul chemin avec quatre parcours pour devenir p\u00e8lerins La Gang GPS propose de d\u00e9couvrir le tr\u00e9sor de \u00ab\u00a0vie en abondance\u00a0\u00bb promis par J\u00e9sus (Jean, 10, 10) \u00e0 travers\u00a0des cat\u00e9ch\u00e8ses, des activit\u00e9s et des sacrements. C\u2019est un chemin pour s\u2019initier et exp\u00e9rimenter avec d\u2019autres ce qu\u2019est la vie chr\u00e9tienne, \u00e0 travers 3 types [&hellip;]<\/p>\n","protected":false},"author":1,"featured_media":0,"parent":0,"menu_order":0,"comment_status":"closed","ping_status":"closed","template":"","meta":{"_et_pb_use_builder":"on","_et_pb_old_content":"","_et_gb_content_width":""},"_links":{"self":[{"href":"https:\/\/laganggps.ca\/becancour\/index.php\/wp-json\/wp\/v2\/pages\/227"}],"collection":[{"href":"https:\/\/laganggps.ca\/becancour\/index.php\/wp-json\/wp\/v2\/pages"}],"about":[{"href":"https:\/\/laganggps.ca\/becancour\/index.php\/wp-json\/wp\/v2\/types\/page"}],"author":[{"embeddable":true,"href":"https:\/\/laganggps.ca\/becancour\/index.php\/wp-json\/wp\/v2\/users\/1"}],"replies":[{"embeddable":true,"href":"https:\/\/laganggps.ca\/becancour\/index.php\/wp-json\/wp\/v2\/comments?post=227"}],"version-history":[{"count":17,"href":"https:\/\/laganggps.ca\/becancour\/index.php\/wp-json\/wp\/v2\/pages\/227\/revisions"}],"predecessor-version":[{"id":377,"href":"https:\/\/laganggps.ca\/becancour\/index.php\/wp-json\/wp\/v2\/pages\/227\/revisions\/377"}],"wp:attachment":[{"href":"https:\/\/laganggps.ca\/becancour\/index.php\/wp-json\/wp\/v2\/media?parent=227"}],"curies":[{"name":"wp","href":"https:\/\/api.w.org\/{rel}","templated":true}]}}