{"id":245,"date":"2017-10-13T19:42:11","date_gmt":"2017-10-13T18:42:11","guid":{"rendered":"http:\/\/laganggps.ca\/becancour\/?page_id=245"},"modified":"2021-08-23T19:11:35","modified_gmt":"2021-08-23T18:11:35","slug":"trois-types-dactivites","status":"publish","type":"page","link":"https:\/\/laganggps.ca\/becancour\/index.php\/trois-types-dactivites\/","title":{"rendered":"Trois types d&rsquo;activit\u00e9s"},"content":{"rendered":"<p>[et_pb_section fb_built= &raquo;1&Prime; _builder_version= &raquo;3.22&Prime; global_colors_info= &raquo;{} &raquo;][et_pb_row _builder_version= &raquo;3.25&Prime; background_size= &raquo;initial &raquo; background_position= &raquo;top_left &raquo; background_repeat= &raquo;repeat &raquo; global_colors_info= &raquo;{} &raquo;][et_pb_column type= &raquo;4_4&Prime; _builder_version= &raquo;3.25&Prime; custom_padding= &raquo;||| &raquo; global_colors_info= &raquo;{} &raquo; custom_padding__hover= &raquo;||| &raquo;][et_pb_text admin_label= &raquo;Titre &raquo; _builder_version= &raquo;3.27.4&Prime; global_colors_info= &raquo;{} &raquo; custom_padding= &raquo;||1px||| &raquo;]<\/p>\n<div style=\"left: -3000px; width: 1000px; overflow: hidden; position: fixed;\" contenteditable=\"false\">\n<div contenteditable=\"true\">\n<h2>Trois types d\u2019activit\u00e9s<\/h2>\n<\/div>\n<\/div>\n<h2>Trois types d&rsquo;activit\u00e9s<\/h2>\n<p>[\/et_pb_text][\/et_pb_column][\/et_pb_row][et_pb_row _builder_version= &raquo;3.25&Prime; global_colors_info= &raquo;{} &raquo; column_structure= &raquo;1_3,1_3,1_3&Prime;][et_pb_column type= &raquo;1_3&Prime; _builder_version= &raquo;3.25&Prime; custom_padding= &raquo;||| &raquo; global_colors_info= &raquo;{} &raquo; custom_padding__hover= &raquo;||| &raquo;][et_pb_blurb title= &raquo;Cat\u00e9ch\u00e8ses de cheminement &raquo; use_icon= &raquo;on &raquo; font_icon= &raquo;%%86%% &raquo; admin_label= &raquo;Cat\u00e9ch\u00e8ses &raquo; _builder_version= &raquo;3.12.2&Prime; global_colors_info= &raquo;{} &raquo;]<\/p>\n<p>Chemin principal et commun o\u00f9 tous les jeunes de GPS se retrouvent p\u00e9riodiquement pour une cat\u00e9ch\u00e8se biblique.<\/p>\n<p>6 cat\u00e9ch\u00e8ses de cheminement offert dans l&rsquo;ann\u00e9e.<\/p>\n<p><a href=\"https:\/\/diocesenicolet.sogetel.net\/gps_becancour\/activites.php#catechese\">Clique ici pour info et inscription<\/a>.<\/p>\n<div style=\"left: -3000px; width: 1000px; overflow: hidden; position: fixed;\" contenteditable=\"false\">\n<div contenteditable=\"true\">\n<p>Chemin principal et commun o\u00f9 tous les jeunes de GPS (parcours ABCD ensemble) se retrouvent p\u00e9riodiquement pour une cat\u00e9ch\u00e8se biblique.<\/p>\n<p>4 \u00e0 8 cat\u00e9ch\u00e8ses de cheminement par parcours.<\/p>\n<p><a href=\"https:\/\/diocesenicolet.sogetel.net\/gps_drummondville\/activites.php#catechese\">Clique ici pour info et inscription<\/a>.<\/p>\n<\/div>\n<\/div>\n<p>[\/et_pb_blurb][\/et_pb_column][et_pb_column type= &raquo;1_3&Prime; _builder_version= &raquo;3.25&Prime; custom_padding= &raquo;||| &raquo; global_colors_info= &raquo;{} &raquo; custom_padding__hover= &raquo;||| &raquo;][et_pb_blurb title= &raquo;Sentiers d&rsquo;exploration &raquo; use_icon= &raquo;on &raquo; font_icon= &raquo;%%52%% &raquo; admin_label= &raquo;Sentiers &raquo; _builder_version= &raquo;3.0.87&Prime; border_style= &raquo;solid &raquo; global_colors_info= &raquo;{} &raquo;]Activit\u00e9s diverses qui permettent d\u2019exp\u00e9rimenter 4\u00a0dimensions de la foi chr\u00e9tienne\u00a0: la fraternit\u00e9, la pri\u00e8re, la c\u00e9l\u00e9bration, l\u2019engagement pour un monde meilleur.<\/p>\n<p>2 activit\u00e9s ou plus par parcours dans 2 sentiers diff\u00e9rents.<\/p>\n<p><a href=\"https:\/\/diocesenicolet.sogetel.net\/gps_becancour\/activites.php#fraternite\">Clique ici pour info et inscription<\/a>.<\/p>\n<p>&nbsp;<br \/>\n[\/et_pb_blurb][\/et_pb_column][et_pb_column type= &raquo;1_3&Prime; _builder_version= &raquo;3.25&Prime; custom_padding= &raquo;||| &raquo; global_colors_info= &raquo;{} &raquo; custom_padding__hover= &raquo;||| &raquo;][et_pb_blurb title= &raquo;Voies d&rsquo;acc\u00e8s aux sacrements &raquo; use_icon= &raquo;on &raquo; font_icon= &raquo;%%141%% &raquo; _builder_version= &raquo;3.12.2&Prime; global_colors_info= &raquo;{} &raquo;]<\/p>\n<p>Rencontres pr\u00e9paratoires et c\u00e9l\u00e9bration des sacrements du Pardon, de l\u2019Eucharistie, de la Confirmation. Le sacrement du Bapt\u00eame est aussi possible dans la route \u00e0 pied pour un enfant non-baptis\u00e9 qui d\u00e9sire vivre son Bapt\u00eame.<\/p>\n<p>Chaque voie d\u2019acc\u00e8s inclut : de 3 \u00e0 5 rencontres pr\u00e9paratoires, la c\u00e9l\u00e9bration du sacrement, une cat\u00e9ch\u00e8se apr\u00e8s la c\u00e9l\u00e9bration (mystagogie).<\/p>\n<p><a href=\"https:\/\/diocesenicolet.sogetel.net\/gps_becancour\/activites.php#voie_acces\">Clique ici pour info et inscription<\/a>.<\/p>\n<p>[\/et_pb_blurb][\/et_pb_column][\/et_pb_row][\/et_pb_section]<\/p>\n","protected":false},"excerpt":{"rendered":"<p>Trois types d\u2019activit\u00e9s Trois types d&rsquo;activit\u00e9s Chemin principal et commun o\u00f9 tous les jeunes de GPS se retrouvent p\u00e9riodiquement pour une cat\u00e9ch\u00e8se biblique. 6 cat\u00e9ch\u00e8ses de cheminement offert dans l&rsquo;ann\u00e9e. Clique ici pour info et inscription. Chemin principal et commun o\u00f9 tous les jeunes de GPS (parcours ABCD ensemble) se retrouvent p\u00e9riodiquement pour une cat\u00e9ch\u00e8se [&hellip;]<\/p>\n","protected":false},"author":1,"featured_media":0,"parent":0,"menu_order":0,"comment_status":"closed","ping_status":"closed","template":"","meta":{"_et_pb_use_builder":"on","_et_pb_old_content":"","_et_gb_content_width":""},"_links":{"self":[{"href":"https:\/\/laganggps.ca\/becancour\/index.php\/wp-json\/wp\/v2\/pages\/245"}],"collection":[{"href":"https:\/\/laganggps.ca\/becancour\/index.php\/wp-json\/wp\/v2\/pages"}],"about":[{"href":"https:\/\/laganggps.ca\/becancour\/index.php\/wp-json\/wp\/v2\/types\/page"}],"author":[{"embeddable":true,"href":"https:\/\/laganggps.ca\/becancour\/index.php\/wp-json\/wp\/v2\/users\/1"}],"replies":[{"embeddable":true,"href":"https:\/\/laganggps.ca\/becancour\/index.php\/wp-json\/wp\/v2\/comments?post=245"}],"version-history":[{"count":6,"href":"https:\/\/laganggps.ca\/becancour\/index.php\/wp-json\/wp\/v2\/pages\/245\/revisions"}],"predecessor-version":[{"id":373,"href":"https:\/\/laganggps.ca\/becancour\/index.php\/wp-json\/wp\/v2\/pages\/245\/revisions\/373"}],"wp:attachment":[{"href":"https:\/\/laganggps.ca\/becancour\/index.php\/wp-json\/wp\/v2\/media?parent=245"}],"curies":[{"name":"wp","href":"https:\/\/api.w.org\/{rel}","templated":true}]}}