{"id":72,"date":"2017-09-13T03:51:49","date_gmt":"2017-09-13T02:51:49","guid":{"rendered":"https:\/\/laganggps.ca\/becancour\/?page_id=72"},"modified":"2021-08-13T18:37:06","modified_gmt":"2021-08-13T17:37:06","slug":"accueil","status":"publish","type":"page","link":"https:\/\/laganggps.ca\/becancour\/","title":{"rendered":"Accueil"},"content":{"rendered":"\n[et_pb_section fb_built= &raquo;1&Prime; fullwidth= &raquo;on &raquo; _builder_version= &raquo;3.23.3&Prime;][et_pb_fullwidth_slider admin_label= &raquo;Images d\u00e9roulantes &raquo; _builder_version= &raquo;3.23.3&Prime; auto= &raquo;on &raquo; auto_ignore_hover= &raquo;on &raquo;][et_pb_slide admin_title= &raquo;Visite \u00e0 l&rsquo;Oratoire &raquo; _builder_version= &raquo;3.23.3&Prime; background_color= &raquo;rgba(0,0,0,0) &raquo; background_image= &raquo;http:\/\/laganggps.ca\/becancour\/wp-content\/uploads\/2019\/06\/Oratoire.jpg &raquo; background_position= &raquo;bottom_center &raquo;][\/et_pb_slide][et_pb_slide admin_title= &raquo;Jeunes &raquo; _builder_version= &raquo;3.23.3&Prime; background_color= &raquo;rgba(0,0,0,0) &raquo; background_image= &raquo;http:\/\/laganggps.ca\/becancour\/wp-content\/uploads\/2017\/09\/IMG_0124.jpg &raquo;]<p style=\"text-align: center;\"><span style=\"color: #ffffff; font-size: 16px;\"><strong style=\"text-align: left; text-transform: none; text-indent: 0px; letter-spacing: normal; font-style: normal; font-variant: normal; font-weight: bold; text-decoration: none; word-spacing: 0px; white-space: normal; orphans: 2; -webkit-text-stroke-width: 0px;\">Les \u00e9quipes pastorales des paroisses catholiques de B\u00e9cancour, avec des cat\u00e9ch\u00e8tes b\u00e9n\u00e9voles et le soutien du dioc\u00e8se de Nicolet, a d\u00e9velopp\u00e9 ce projet en vue d\u2019accompagner de mani\u00e8re plus dynamique les jeunes et leurs familles dans la d\u00e9couverte de la foi chr\u00e9tienne.<\/strong><\/span><\/p>[\/et_pb_slide][et_pb_slide button_text= &raquo;En savoir plus &raquo; button_link= &raquo;http:\/\/laganggps.ca\/becancour\/index.php\/gps-cest-qui\/ &raquo; admin_title= &raquo;En marche! &raquo; _builder_version= &raquo;3.23.3&Prime; background_color= &raquo;rgba(0,0,0,0) &raquo; background_image= &raquo;http:\/\/laganggps.ca\/becancour\/wp-content\/uploads\/2019\/06\/IMG_4035.jpg &raquo;]<p style=\"text-align: center;\"><span style=\"color: #ffffff; font-size: 16px;\"><strong style=\"text-align: left; text-transform: none; text-indent: 0px; letter-spacing: normal; font-style: normal; font-variant: normal; font-weight: bold; text-decoration: none; word-spacing: 0px; white-space: normal; orphans: 2; -webkit-text-stroke-width: 0px;\">La Gang de P\u00e8lerins Solidaires (GPS) de B\u00e9cancour est un groupe de jeunes en marche sur leur chemin de vie qui, \u00e0 la suite de J\u00e9sus, cherchent \u00e0 approfondir leur relation \u00e0 soi, aux autres et \u00e0 Dieu.<\/strong><\/span><\/p>[\/et_pb_slide][et_pb_slide admin_title= &raquo;Pri\u00e8re de Taiz\u00e9 &raquo; _builder_version= &raquo;3.23.3&Prime; background_color= &raquo;rgba(0,0,0,0) &raquo; background_image= &raquo;http:\/\/laganggps.ca\/becancour\/wp-content\/uploads\/2017\/09\/IMG_7457-1024&#215;683.jpg &raquo; background_position= &raquo;top_center &raquo;]<p style=\"text-align: center;\"><span style=\"color: #ffffff;\"><strong>Au fil de quatre parcours (ABCD), on y exp\u00e9rimente progressivement la foi chr\u00e9tienne et la vie en \u00c9glise par divers moyens : haltes-rencontres, cat\u00e9ch\u00e8ses de cheminement, sentiers d\u2019exploration, voies d\u2019acc\u00e8s aux sacrements.<\/strong><\/span><\/p>[\/et_pb_slide][\/et_pb_fullwidth_slider][\/et_pb_section][et_pb_section fb_built= &raquo;1&Prime; _builder_version= &raquo;3.22.3&Prime;][et_pb_row _builder_version= &raquo;3.22.3&Prime; background_size= &raquo;initial &raquo; background_position= &raquo;top_left &raquo; background_repeat= &raquo;repeat &raquo;][et_pb_column type= &raquo;4_4&Prime; _builder_version= &raquo;3.0.47&Prime;][et_pb_text admin_label= &raquo;Pr\u00e9sentation &raquo; _builder_version= &raquo;3.0.86&Prime; module_alignment= &raquo;left &raquo;]<h2><strong><img decoding=\"async\" loading=\"lazy\" class=\"size-medium wp-image-76 alignleft\" src=\"http:\/\/laganggps.ca\/becancour\/wp-content\/uploads\/2017\/09\/gps-300x175.png\" alt=\"Logo GPS\" width=\"281\" height=\"164\" srcset=\"https:\/\/laganggps.ca\/becancour\/wp-content\/uploads\/2017\/09\/gps-300x175.png 300w, https:\/\/laganggps.ca\/becancour\/wp-content\/uploads\/2017\/09\/gps.png 427w\" sizes=\"(max-width: 281px) 100vw, 281px\" \/><span style=\"color: #d72229;\">La gang GPS B\u00e9cancour<\/span><\/strong><\/h2>\r\n<strong>La Gang de P\u00e8lerins Solidaires (GPS) de\u00a0B\u00e9cancour <\/strong>est un groupe de jeunes en marche sur leur chemin de vie qui, \u00e0 la suite de J\u00e9sus, cherchent \u00e0 approfondir leur relation \u00e0 soi, aux autres et \u00e0 Dieu.\r\n\r\n<strong>Les\u00a0paroisses catholiques de la r\u00e9gion de B\u00e9cancour<\/strong>, avec des cat\u00e9ch\u00e8tes b\u00e9n\u00e9voles et le soutien du dioc\u00e8se de Nicolet, a d\u00e9velopp\u00e9 ce projet en vue d\u2019accompagner de mani\u00e8re plus dynamique les jeunes et leurs familles dans la d\u00e9couverte de la foi chr\u00e9tienne.\r\n\r\nAu fil de quatre parcours, on y exp\u00e9rimente progressivement la foi chr\u00e9tienne et la vie en \u00c9glise par divers moyens : haltes-rencontres, cat\u00e9ch\u00e8ses de cheminement, sentiers d\u2019exploration, voies d\u2019acc\u00e8s aux sacrements.\r[\/et_pb_text][et_pb_text admin_label= &raquo;Carte interactive GPS &raquo; _builder_version= &raquo;3.15&Prime;]<img decoding=\"async\" loading=\"lazy\" class=\"aligncenter size-full wp-image-303\" src=\"http:\/\/laganggps.ca\/becancour\/wp-content\/uploads\/2018\/10\/carte_interactive.jpg\" alt=\"Parcours GPS\" usemap=\"#Map\" width=\"1024\" height=\"791\" srcset=\"https:\/\/laganggps.ca\/becancour\/wp-content\/uploads\/2018\/10\/carte_interactive.jpg 1024w, https:\/\/laganggps.ca\/becancour\/wp-content\/uploads\/2018\/10\/carte_interactive-300x232.jpg 300w, https:\/\/laganggps.ca\/becancour\/wp-content\/uploads\/2018\/10\/carte_interactive-768x593.jpg 768w\" sizes=\"(max-width: 1024px) 100vw, 1024px\" \/>\r\n\r\n<map id=\"Map\" name=\"Map\"> <area title=\"Activit\u00e9s pour les ados (mission jeunesse)\" coords=\"877,733,38\" shape=\"circle\" href=\"https:\/\/diocesenicolet.sogetel.net\/gps_becancour\/activites_mission_jeunesse.php\" \/> <area title=\"Activit\u00e9s pour les familles\" coords=\"72,560,58\" shape=\"circle\" href=\"https:\/\/diocesenicolet.sogetel.net\/gps_becancour\/activites_famille.php\" \/> <area title=\"Parcours A\" coords=\"99,458,373,506\" shape=\"rect\" href=\"http:\/\/laganggps.ca\/becancour\/index.php\/un-seul-chemin-avec-quatre-parcours-pour-devenir-pelerins\/#parcours_A\" \/> <area title=\"Parcours B\" coords=\"350,307,403,437\" shape=\"rect\" href=\"http:\/\/laganggps.ca\/becancour\/index.php\/un-seul-chemin-avec-quatre-parcours-pour-devenir-pelerins\/#parcours_B\" \/> <area title=\"Parcours C\" coords=\"476,349,520,415\" shape=\"rect\" href=\"http:\/\/laganggps.ca\/becancour\/index.php\/un-seul-chemin-avec-quatre-parcours-pour-devenir-pelerins\/#parcours_C\" \/> <area title=\"Parcours C\" coords=\"507,300,566,369\" shape=\"rect\" href=\"http:\/\/laganggps.ca\/becancour\/index.php\/un-seul-chemin-avec-quatre-parcours-pour-devenir-pelerins\/#parcours_C\" \/> <area title=\"Parcours D\" coords=\"821,386,906,459\" shape=\"rect\" href=\"http:\/\/laganggps.ca\/becancour\/index.php\/un-seul-chemin-avec-quatre-parcours-pour-devenir-pelerins\/#parcours_D\" \/> <area title=\"Parcours D\" coords=\"743,442,838,515\" shape=\"rect\" href=\"http:\/\/laganggps.ca\/becancour\/index.php\/un-seul-chemin-avec-quatre-parcours-pour-devenir-pelerins\/#parcours_D\" \/> <area title=\"Bapt\u00eame\" coords=\"174,237,291,298\" shape=\"rect\" href=\"http:\/\/laganggps.ca\/becancour\/index.php\/un-seul-chemin-avec-quatre-parcours-pour-devenir-pelerins\/#parcours_A\" \/> <area title=\"Pardon\" coords=\"333,163,454,216\" shape=\"rect\" href=\"http:\/\/laganggps.ca\/becancour\/index.php\/un-seul-chemin-avec-quatre-parcours-pour-devenir-pelerins\/#parcours_B\" \/> <area title=\"Eucharistie\" coords=\"588,199,737,258\" shape=\"rect\" href=\"http:\/\/laganggps.ca\/becancour\/index.php\/un-seul-chemin-avec-quatre-parcours-pour-devenir-pelerins\/#parcours_C\" \/> <area title=\"Confirmation\" coords=\"812,122,947,179\" shape=\"rect\" href=\"http:\/\/laganggps.ca\/becancour\/index.php\/un-seul-chemin-avec-quatre-parcours-pour-devenir-pelerins\/#parcours_D\" \/> <area title=\"Cat\u00e9ch\u00e8ses de cheminement\" coords=\"388,440,590,495\" shape=\"rect\" href=\"https:\/\/diocesenicolet.sogetel.net\/gps_becancour\/activites.php\" \/> <area title=\"Cat\u00e9ch\u00e8ses de cheminement\" coords=\"589,479,704,534\" shape=\"rect\" href=\"https:\/\/diocesenicolet.sogetel.net\/gps_becancour\/activites.php\" \/> <area title=\"Cat\u00e9ch\u00e8ses de cheminement\" coords=\"669,524,779,569\" shape=\"rect\" href=\"https:\/\/diocesenicolet.sogetel.net\/gps_becancour\/activites.php\" \/> <area title=\"Sentier de la pri\u00e8re\" coords=\"358,514,571,538\" shape=\"rect\" href=\"https:\/\/diocesenicolet.sogetel.net\/gps_becancour\/activites.php#priere\" \/> <area title=\"Sentier de l'engagement\" coords=\"306,699,593,761\" shape=\"rect\" href=\"https:\/\/diocesenicolet.sogetel.net\/gps_becancour\/activites.php#engagement\" \/> <area title=\"Sentier de la c\u00e9l\u00e9bration\" coords=\"285,635,576,674\" shape=\"rect\" href=\"https:\/\/diocesenicolet.sogetel.net\/gps_becancour\/activites.php#celebration\" \/> <area title=\"Sentier de la fraternit\u00e9\" coords=\"309,594,456,626\" shape=\"rect\" href=\"https:\/\/diocesenicolet.sogetel.net\/gps_becancour\/activites.php#fraternite\" \/> <area title=\"Sentier de la fraternit\u00e9\" coords=\"452,552,577,609\" shape=\"rect\" href=\"https:\/\/diocesenicolet.sogetel.net\/gps_becancour\/activites.php#fraternite\" \/> <\/map> [\/et_pb_text][\/et_pb_column][\/et_pb_row][\/et_pb_section]\n","protected":false},"excerpt":{"rendered":"<p>Les \u00e9quipes pastorales des paroisses catholiques de B\u00e9cancour, avec des cat\u00e9ch\u00e8tes b\u00e9n\u00e9voles et le soutien du dioc\u00e8se de Nicolet, a d\u00e9velopp\u00e9 ce projet en vue d\u2019accompagner de mani\u00e8re plus dynamique les jeunes et leurs familles dans la d\u00e9couverte de la foi chr\u00e9tienne.La Gang de P\u00e8lerins Solidaires (GPS) de B\u00e9cancour est un groupe de jeunes en [&hellip;]<\/p>\n","protected":false},"author":1,"featured_media":0,"parent":0,"menu_order":0,"comment_status":"closed","ping_status":"closed","template":"","meta":{"_et_pb_use_builder":"on","_et_pb_old_content":"","_et_gb_content_width":""},"_links":{"self":[{"href":"https:\/\/laganggps.ca\/becancour\/index.php\/wp-json\/wp\/v2\/pages\/72"}],"collection":[{"href":"https:\/\/laganggps.ca\/becancour\/index.php\/wp-json\/wp\/v2\/pages"}],"about":[{"href":"https:\/\/laganggps.ca\/becancour\/index.php\/wp-json\/wp\/v2\/types\/page"}],"author":[{"embeddable":true,"href":"https:\/\/laganggps.ca\/becancour\/index.php\/wp-json\/wp\/v2\/users\/1"}],"replies":[{"embeddable":true,"href":"https:\/\/laganggps.ca\/becancour\/index.php\/wp-json\/wp\/v2\/comments?post=72"}],"version-history":[{"count":41,"href":"https:\/\/laganggps.ca\/becancour\/index.php\/wp-json\/wp\/v2\/pages\/72\/revisions"}],"predecessor-version":[{"id":368,"href":"https:\/\/laganggps.ca\/becancour\/index.php\/wp-json\/wp\/v2\/pages\/72\/revisions\/368"}],"wp:attachment":[{"href":"https:\/\/laganggps.ca\/becancour\/index.php\/wp-json\/wp\/v2\/media?parent=72"}],"curies":[{"name":"wp","href":"https:\/\/api.w.org\/{rel}","templated":true}]}}